{"id":2071,"date":"2013-05-24T19:44:06","date_gmt":"2013-05-24T17:44:06","guid":{"rendered":"http:\/\/organum.hr\/?page_id=2071"},"modified":"2013-09-28T17:12:35","modified_gmt":"2013-09-28T15:12:35","slug":"seminari-orguljaska-ljetna-skola","status":"publish","type":"page","link":"https:\/\/organum.hr\/index.php\/seminari-orguljaska-ljetna-skola\/","title":{"rendered":"Seminari (oljs)"},"content":{"rendered":"<p><b>PROGRAM<\/b><\/p>\n<p>Orgulja\u0161ka \u0161kola svojim je obrazovnim sadr\u017eajima namijenjena \u0161irokom krugu polaznika, kojima nudi priliku za detaljnije upoznavanje odabranog orguljskog repertoara, razvoj vje\u0161tin\u00e2 interpretacije i improvizacije na povijesnim i recentnim orguljama, te potpuniji uvid u konstrukciju takvih instrumenata. Ovakvim se komplementarnim pristupom mladim glazbenicima pru\u017ea mogu\u0107nost za razvijanje \u0161to kreativnijeg pristupa u interpretaciji glazbe, utemeljenim na dubljem razumijevanju skladateljskih principa pojedinih stilskih razdoblja. Jedan od va\u017enih ciljeva \u0160kole je i osposobljavanje mladih orgulja\u0161a za umije\u0107e improvizacije, koje, premda danas u odre\u0111enoj mjeri zapostavljeno, predstavlja za svakog orgulja\u0161a nu\u017enost njegove profesije. Uz seminare za interpretaciju i improvizaciju, u ponudi \u0160kole su i dvije radionice: organolo\u0161ka i arhivisti\u010dka, koje nisu nu\u017eno namijenjene samo orgulja\u0161ima, ve\u0107 i svim onim glazbenicima, muzikolozima, kao i amaterima koji se zanimaju za probleme orgulja\u0161ke struke.<\/p>\n<div>\n<h2><b>RAD \u0160KOLE<\/b><\/h2>\n<\/div>\n<p>Rad \u0161kole organiziran je u dva dijela: seminari se odr\u017eavaju u prijepodnevnim satima, dok su posli-jepodnevni termini rezervirani za vje\u017ebanje polaznika i tematska stru\u010dna predavanja predava\u010da, a u ve\u010dernjim satima predvi\u0111eni su koncerti. Ove godine planirano je 3 do 5 koncerata za trajanja Orgulja\u0161ke ljetne \u0161kole: 2 koncerta polaznika (<span style=\"text-decoration: underline;\">uspje\u0161nije izvedbe prikazat \u0107emo na na\u0161oj web stranici<\/span>), 1 koncert predava\u010da, te 1 do 2 koncerta gostuju\u0107ih umjetnika.\u017delja nam je da polaznici dobiju uvid u rad drugih seminara koji teku paralelno s njihovim, \u0161to \u0107e se ostvariti jednim organiziranim posjetom svih polaznika svakom pojedinom seminaru. Ako nam materijalne mogu\u0107nosti dopuste,organizirat \u0107emo i multidisciplinarna teoretska predavanja za predava\u010de, polaznike i gra\u0111anstvo.<\/p>\n","protected":false},"excerpt":{"rendered":"<p>PROGRAM Orgulja\u0161ka \u0161kola svojim je obrazovnim sadr\u017eajima namijenjena \u0161irokom krugu polaznika, kojima nudi priliku za detaljnije upoznavanje odabranog orguljskog repertoara, razvoj vje\u0161tin\u00e2 interpretacije i improvizacije na povijesnim i recentnim orguljama, te potpuniji uvid u konstrukciju takvih instrumenata. Ovakvim se komplementarnim pristupom mladim glazbenicima pru\u017ea mogu\u0107nost za razvijanje \u0161to kreativnijeg pristupa u interpretaciji glazbe, utemeljenim na [&#038;hellip<\/p>\n","protected":false},"author":2,"featured_media":0,"parent":0,"menu_order":0,"comment_status":"closed","ping_status":"closed","template":"","meta":[],"_links":{"self":[{"href":"https:\/\/organum.hr\/index.php\/wp-json\/wp\/v2\/pages\/2071"}],"collection":[{"href":"https:\/\/organum.hr\/index.php\/wp-json\/wp\/v2\/pages"}],"about":[{"href":"https:\/\/organum.hr\/index.php\/wp-json\/wp\/v2\/types\/page"}],"author":[{"embeddable":true,"href":"https:\/\/organum.hr\/index.php\/wp-json\/wp\/v2\/users\/2"}],"replies":[{"embeddable":true,"href":"https:\/\/organum.hr\/index.php\/wp-json\/wp\/v2\/comments?post=2071"}],"version-history":[{"count":4,"href":"https:\/\/organum.hr\/index.php\/wp-json\/wp\/v2\/pages\/2071\/revisions"}],"predecessor-version":[{"id":7077,"href":"https:\/\/organum.hr\/index.php\/wp-json\/wp\/v2\/pages\/2071\/revisions\/7077"}],"wp:attachment":[{"href":"https:\/\/organum.hr\/index.php\/wp-json\/wp\/v2\/media?parent=2071"}],"curies":[{"name":"wp","href":"https:\/\/api.w.org\/{rel}","templated":true}]}}