{"id":395,"date":"2011-11-14T17:19:34","date_gmt":"2011-11-14T16:19:34","guid":{"rendered":"http:\/\/organum.hr\/?page_id=395"},"modified":"2011-12-19T14:08:21","modified_gmt":"2011-12-19T13:08:21","slug":"organum","status":"publish","type":"page","link":"https:\/\/organum.hr\/index.php\/o-nama\/organum\/","title":{"rendered":"Organum"},"content":{"rendered":"<div class=\"two_third\">Koncem ratne 1993. godine prof. Emin Armano je nakon odr\u017eanog orgulja\u0161kog koncerta u crkvi Sv. Frane u \u0160ibeniku predlo\u017eio osnivanje \u0161ibenske Orgulja\u0161ke ljetne \u0161kole. Orgulja\u0161ka ljetna \u0161kola djelovala je u okviru glazbene \u0161kole Ivana Luka\u010di\u0107a 11 godina. \u00a0S ciljem uspje\u0161nije organizacije i pro\u0161irenja djelokruga aktivnosti, godine 2004. registrirali smo se kao Organolo\u0161ko dru\u0161tvo ORGANUM \u0160ibenik. Upis je izvr\u0161en pod registarskim brojem 15000628 dana 02. kolovoza 2004. godine.<em>Osnovni sadr\u017eaj djelatnosti Dru\u0161tva je:<\/em><\/p>\n<ul>\n<li><em>poticanje vrednovanja, o\u010duvanja i za\u0161tite postoje\u0107ih povijesnih\u00a0<\/em><em>orgulja te restauracije najugro\u017eenijih primjeraka na podru\u010dju \u0160ibensko-kninske \u017eupanije;<\/em><em><\/em><\/li>\n<li><em>promicanje glazbe za orgulje i uz orgulje hrvatskih skladatelja od renesanse do na\u0161ih dana;<\/em><em><\/em><\/li>\n<li><em>organiziranje savjetovanja, predavanja, seminara i radionica gdje ce vrsni doma\u0107i i strani glazbeni stru\u010dnjaci upoznavati \u010dlanove Dru\u0161tva sa majstorskom interpretacijom glazbe za orgulje i uz orgulje, sakralnom glazbenom praksom, improvizacijom na orguljama, na\u010dinima prikupljanja povijesnih podataka, osnovama organologije i osnovama orguljarsko-restauratorske struke;<\/em><em><\/em><\/li>\n<li><em>organiziranje koncerata \u010dlanova Dru\u0161tva;<\/em><em><\/em><\/li>\n<li><em>ostvarivanje suradnje s udrugama istih i sli\u010dnih djelatnosti, glazbenim \u0161kolama i akademijama, Ministarstvom kulture, Upravom za za\u0161titu kulturne ba\u0161tine i konzervatorskim odjelima; te ostale djelatnosti utvr\u0111ene odredbom \u010dlanka 9. Statuta Drustva.<\/em><\/li>\n<\/ul>\n<\/div>\n<p>&nbsp;<\/p>\n","protected":false},"excerpt":{"rendered":"<p>&#038;nbsp<\/p>\n","protected":false},"author":2,"featured_media":0,"parent":254,"menu_order":1,"comment_status":"closed","ping_status":"closed","template":"fullwidth.php","meta":[],"_links":{"self":[{"href":"https:\/\/organum.hr\/index.php\/wp-json\/wp\/v2\/pages\/395"}],"collection":[{"href":"https:\/\/organum.hr\/index.php\/wp-json\/wp\/v2\/pages"}],"about":[{"href":"https:\/\/organum.hr\/index.php\/wp-json\/wp\/v2\/types\/page"}],"author":[{"embeddable":true,"href":"https:\/\/organum.hr\/index.php\/wp-json\/wp\/v2\/users\/2"}],"replies":[{"embeddable":true,"href":"https:\/\/organum.hr\/index.php\/wp-json\/wp\/v2\/comments?post=395"}],"version-history":[{"count":6,"href":"https:\/\/organum.hr\/index.php\/wp-json\/wp\/v2\/pages\/395\/revisions"}],"predecessor-version":[{"id":833,"href":"https:\/\/organum.hr\/index.php\/wp-json\/wp\/v2\/pages\/395\/revisions\/833"}],"up":[{"embeddable":true,"href":"https:\/\/organum.hr\/index.php\/wp-json\/wp\/v2\/pages\/254"}],"wp:attachment":[{"href":"https:\/\/organum.hr\/index.php\/wp-json\/wp\/v2\/media?parent=395"}],"curies":[{"name":"wp","href":"https:\/\/api.w.org\/{rel}","templated":true}]}}