{"id":398,"date":"2011-11-14T17:21:33","date_gmt":"2011-11-14T16:21:33","guid":{"rendered":"http:\/\/organum.hr\/?page_id=398"},"modified":"2017-02-19T16:22:27","modified_gmt":"2017-02-19T15:22:27","slug":"statut","status":"publish","type":"page","link":"https:\/\/organum.hr\/index.php\/o-nama\/statut\/","title":{"rendered":"Statut"},"content":{"rendered":"<div class=\"two_third\">\nNa temelju \u010dlanka 13. Zakona o udrugama (\u201eNarodne novine\u201c broj 74\/14) i \u010dlanka 21. Statuta udruge od 24. srpnja 2004., Skup\u0161tina udruge Organolo\u0161kog dru\u0161tva &#8220;Organum&#8221; \u0160ibenik na sjednici odr\u017eanoj 3. kolovoza 2015. donijela je<\/p>\n<p>STATUT<br \/>\nOrganolo\u0161kog dru\u0161tva &#8220;Organum&#8221; \u0160ibenik<\/p>\n<h5 class=\"toggle\"><a href=\"#\">Op\u0107e odredbe (\u010clanci 1-6)<\/a><\/h5>\n<div class=\"toggle-content\">\n<div class=\"block\">\n\u010clanak l.<br \/>\nOvim Statutom reguliraju se odredbe:<\/p>\n<ul>\n<li>o nazivu i sjedi\u0161tu Dru\u0161tva,<\/li>\n<li>o izgledu pe\u010data Dru\u0161tva,<\/li>\n<li>o ciljevima,<\/li>\n<li>o djelatnostima kojima se ostvaruju ciljevi,<\/li>\n<li>o zastupanju,<\/li>\n<\/ul>\n<ul>\n<li>o osiguranju javnosti djelovanja udruge,<\/li>\n<li>o \u010dlanstvu,<\/li>\n<li>o uvjetima i na\u010dinu u\u010dlanjivanja, te o prestanku \u010dlanstva,<\/li>\n<li>na\u010dinu vo\u0111enja popisa \u010dlanova,<\/li>\n<li>o pravima, obvezama i odgovornosti \u010dlanova,<\/li>\n<li>o tijelima Dru\u0161tva,<\/li>\n<li>o njihovu sastavu i na\u010dinu sazivanja sjednica,<\/li>\n<li>o izboru, ovlastima, na\u010dinu odlu\u010divanja i trajanju mandata tijela Dru\u0161tva,<\/li>\n<li>o na\u010dinu sazivanje Skup\u0161tine u slu\u010daju isteka mandata,<\/li>\n<li>o izboru i opozivu likvidatora Dru\u0161tva,<\/li>\n<li>o prestanku postojanja Dru\u0161tva,<\/li>\n<li>o imovini i na\u010dinu stjecanja i raspolaganja imovinom,<\/li>\n<li>o postupku s imovinom u slu\u010daju prestanka Dru\u0161tva,<\/li>\n<li>o na\u010dinu rje\u0161avanja sporova i sukoba interesa unutar Dru\u0161tva i drugim pitanjima od zna\u010daja za udrugu.<\/li>\n<\/ul>\n<p>\u010clanak 2<br \/>\nUdruga nosi naziv: Organolo\u0161ko dru\u0161tvo &#8220;Organum&#8221; \u0160ibenik (u daljnjem tekstu Dru\u0161tvo). Skra\u0107eni naziv Dru\u0161tva je &#8220;Organum&#8221; \u0160ibenik.<br \/>\nSjedi\u0161te Dru\u0161tva: Mose\u0107ka 7, 22000 \u0160ibenik<br \/>\n\u010clanak 3<br \/>\nDru\u0161tvo je neprofitna pravna osoba. Registrirano je pri Uredu dr\u017eavne uprave u \u0160ibensko-kninskoj \u017eupaniji.<\/p>\n<p>\u010clanak 4<br \/>\nDru\u0161tvo je udruga gra\u0111ana koja djeluje na dragovoljnoj osnovi svojeg \u010dlanstva. \u010clanstvo neposredno upravlja preko Skup\u0161tine te putem svojih predstavnika u ostalim tijelima Dru\u0161tva, na na\u010din utvr\u0111en ovim Statutom.<br \/>\n\u010clanak 5.<br \/>\nDru\u0161tvo ima svoj pe\u010dat i logotip. Pe\u010dat je okruglog oblika promjera 4 cm na kojem uzdu\u017e oboda pi\u0161e: Organolo\u0161ko dru\u0161tvo &#8220;Organum&#8221; \u0160ibenik. U sredini se nalazi znak Dru\u0161tva, lik svira\u010da orguljica.<br \/>\n\u010clanak 6.<br \/>\nRad Dru\u0161tva je javan i odre\u0111uje se odredbama ovog Statuta.<br \/>\nJavnost rada osigurava se i ostvaruje pravodobnim i istinitim obavje\u0161tavanjem \u010dlanova dru\u0161tva i javnosti. O radu Dru\u0161tva \u010dlanovi se obavje\u0161tavaju dostavom pisanih materijala i putem sjednica tijela Dru\u0161tva. Javnost se obavje\u0161tava putem sredstava javnog priop\u0107avanja \u010diji predstavnici mogu nazo\u010diti sjednicama tijela upravljanja Dru\u0161tvom. <\/p><\/div>\n<\/div>\n<h5 class=\"toggle\"><a href=\"#\"> Ciljevi i djelatnosti kojima se iljevi ostvaruju<br \/>\n(\u010clanci 7-9)<\/a><\/h5>\n<div class=\"toggle-content\">\n<div class=\"block\">\n\u010clanak 7.<br \/>\nCiljevi Dru\u0161tva su:<br \/>\n1. Skrbiti o promociji i o\u010duvanju postoje\u0107ih povijesnih orgulja u \u0160ibensko-kninskoj \u017eupaniji kao zna\u010dajnom segmentu na\u0161e kulturne ba\u0161tine.<br \/>\n2. Okupljanje glazbenika razli\u010ditih profila, orgulja\u0161a1, organologa2, muzikologa, orguljara3 i ljubitelja povijesnih orgulja radi zajedni\u010dke suradnje na projektima s podru\u010dja organologije, orguljarsko-restauratorske djelatnosti, te orguljske i sakralne glazbe.<br \/>\n3. Upoznavanje zainteresiranih \u010dlanova Dru\u0161tva s tradicionalnom i suvremenom liturgijskom praksom u svim regijama Hrvatske.<br \/>\n\u010clanak 8.<br \/>\nRadi ostvarivanja ciljeva navedenih u \u010dlanku 7. ovog statuta, Dru\u0161tvo obavlja sljede\u0107e djelatnosti:<br \/>\n1. Poti\u010de vrednovanje, o\u010duvanje i za\u0161titu postoje\u0107ih povijesnih orgulja, te restauraciju najugro\u017eenijih primjeraka.<br \/>\n2. Promicanje glazbe za orgulje i uz orgulje hrvatskih skladatelja od renesanse do na\u0161ih dana.<br \/>\n3. Organizira savjetovanja, predavanja i seminare i radionice u kojima \u0107e vrsni doma\u0107i i strani glazbenici i stru\u010dnjaci upoznavati \u010dlanove Dru\u0161tva sa:<br \/>\na) majstorskom interpretacijom glazbe za orgulje i uz orgulje<br \/>\nb) sakralnom glazbenom praksom<br \/>\nc) improvizacijom na orguljama<br \/>\nd) na\u010dinima prikupljanja povijesnih podataka (literatura, arhivi)<br \/>\ne) osnovama organologije<br \/>\nf) osnovama orguljarsko-restauratorske struke<br \/>\n4. Organizirano, u suradnji s vlasnicima instrumenata i nadle\u017enim konzervatorskim odjelom, \u010dlanovi Dru\u0161tva tragaju za povijesnim podacima o pojedinim orguljama i pod paskom priznatih organologa i konzervatora prou\u010davaju pojedine orgulje. Sa rezultatima istra\u017eivanja upoznaju vlasnika, konzervatorsku slu\u017ebu, Ministarstvo kulture i \u0161iru javnost, kako bi se odgovorne potaklo na o\u010duvanje, restauraciju i pravilno kori\u0161tenje istra\u017eenih i restauriranih povijesnih orgulja.<br \/>\n5. Organizira za \u010dlanove Dru\u0161tva posjete poznatim orguljarsko-restauratorskim radionicama kako bi \u010dlanovi vidjeli razne tipove povijesnih orgulja i upoznali razli\u010dite pristupe pri njihovoj obnovi i na\u010dine njihove restauracije.<br \/>\n6. Organizira koncerte svojih \u010dlanova u \u0160ibensko-kninskoj \u017eupaniji, u Hrvatskoj i inozemstvu.<br \/>\n7. U cilju promoviranja povijesnih orgulja Dru\u0161tvo svake godine raspisuje natje\u010daj za najuspje\u0161niju novu skladbu za povijesne orgulje.<br \/>\n8. S istim ciljem, na podru\u010dju \u017dupanije \u0161ibensko-kninske Dru\u0161tvo organizira festival orguljske glazbe na povijesnim orguljama.<br \/>\n9. Dru\u0161tvo uprili\u010duje znanstvene skupove o povijesnim orguljama, orguljskoj i sakralnoj glazbi.<br \/>\n10. Dru\u0161tvo objavljuje i poma\u017ee u objavljivanju znanstvenih radova svojih \u010dlanova.<br \/>\n11. Dru\u0161tvo sura\u0111uje s udrugama i ustanovama iste i sli\u010dne djelatnosti u zemlji i inozemstvu.<br \/>\n12. Sura\u0111uje s glazbenim \u0161kolama i akademijama u Hrvatskoj i inozemstvu.<br \/>\n13. Sura\u0111uje s Ministarstvom kulture, Upravom za za\u0161titu kulturne ba\u0161tine i konzervatorskim odjelima.<br \/>\n\u010clanak 9<br \/>\nDru\u0161tvo svoju djelatnost mo\u017ee obavljati putem odgovaraju\u0107ih sekcija. Sekcije nisu ustrojstveni oblici Dru\u0161tva i nemaju svojstvo pravne osobe, ve\u0107 su jedan od oblika djelovanja Dru\u0161tva. Odluku o osnivanju i na\u010dinu rada sekcije, te o imenovanju osobe ovla\u0161tene za predstavljanje sekcije \u2013 voditelja sekcije donosi Skup\u0161tina dru\u0161tva. <\/div>\n<\/div>\n<h5 class=\"toggle\"><a href=\"#\">\u010clanstvo (\u010clanci 10-14)<\/a><\/h5>\n<div class=\"toggle-content\">\n<div class=\"block\">\n\u010clanak 10.<br \/>\n\u010clan Dru\u0161tva mo\u017ee biti svaka poslovno sposobna fizi\u010dka osoba koja se pridr\u017eava Statuta Dru\u0161tva.<br \/>\n\u010clanak 11.<br \/>\n\u010clanom se smatra ona osoba koja se u\u010dlanila u Dru\u0161tvo na osnovu osobnog zahtjeva, a po odluci Upravnog odbora.<br \/>\n\u010clanovi Dru\u0161tva su:<br \/>\na) redovni, koji su stru\u010dno sposobni raditi na ostvarenju planiranih programa,<br \/>\nb) pudupiru\u0107i, koji poma\u017eu Dru\u0161tvo nov\u010danim prilozima i<br \/>\nc) po\u010dasni, koje imenuje skup\u0161tina za naro\u010dite zasluge.<br \/>\nU Dru\u0161tvu se vodi registar \u010dlanova. O obliku, sadr\u017eaju i na\u010dinu vo\u0111enja registra odlu\u010duje Upravni odbor.<br \/>\n\u010clanak 12.<br \/>\nSvaki redovni \u010dlan ima pravo:<\/p>\n<ul>\n<li>sudjelovati u realizaciji planiranih projekata u okvirima svoje struke i<\/li>\n<li>birati i biti biran u tijela Dru\u0161tva.<\/li>\n<\/ul>\n<p>\u010clanak 13.<br \/>\nSvaki redovni \u010dlan du\u017ean je:<\/p>\n<ul>\n<li>pridr\u017eavati se Statuta Dru\u0161tva, odluka Skup\u0161tine i Upravnog odbora Dru\u0161tva,<\/li>\n<li>pla\u0107ati \u010dlanarinu i<\/li>\n<li>odgovorno izvr\u0161avati preuzete obveze u realizaciji projekata u koje se uklju\u010dio dragovoljno.<\/li>\n<\/ul>\n<p>\u010clanak 14.<br \/>\n\u010clanstvo u Dru\u0161tvu prestaje:<\/p>\n<ul>\n<li>samovoljnim otkazom daljnjeg rada i \u010dlanstva u Dru\u0161tvu,<\/li>\n<li>odlukom Upravnog odbora Dru\u0161tva, ako \u010dlan ne izvr\u0161ava preuzete obveze iz \u010dlanka 15. i<\/li>\n<li>isklju\u010denjem iz Dru\u0161tva po odluci Upravnog odbora ako se ogrije\u0161i o statut i ugled Dru\u0161tva.<\/li>\n<\/ul>\n<p>Odluka Skup\u0161tine je kona\u010dna. <\/p><\/div>\n<\/div>\n<h5 class=\"toggle\"><a href=\"#\">Tijela dru\u0161tva (\u010clanak 15)<\/a><\/h5>\n<div class=\"toggle-content\">\n<div class=\"block\">\n<p>\u010clanak 15.<br \/>\nTijela Dru\u0161tva su:<\/p>\n<ul>\n<li>Skup\u0161tina<\/li>\n<li>Predsjednik Skup\u0161tine<\/li>\n<li>Upravni odbor<\/li>\n<li>Programsko vije\u0107e<\/li>\n<li>Predsjednik Dru\u0161tva<\/li>\n<li>Tajnik Dru\u0161tva<\/li>\n<li>Likvidator dru\u0161tva<\/li>\n<li>Nadzorni odbor<\/li>\n<\/ul>\n<\/div>\n<\/div>\n<h5 class=\"toggle\"><a href=\"#\">Skup\u0161tina (\u010clanci 16-19)<\/a><\/h5>\n<div class=\"toggle-content\">\n<div class=\"block\">\n<p>\u010clanak 16.<br \/>\nSkup\u0161tina je najvi\u0161e tijelo upravljanja Dru\u0161tvom.<br \/>\nSkup\u0161tinu Dru\u0161tva \u010dine svi redovni \u010dlanovi.<br \/>\nSkup\u0161tina mo\u017ee biti redovna, izborna i izvanredna.<br \/>\n1. Redovnu skup\u0161tinu saziva jednom godi\u0161nje predsjednik Skup\u0161tine Dru\u0161tva. Dan, mjesto odr\u017eavanja Skup\u0161tine i dnevni red objavljuje se najmanje 14 dana prije odr\u017eavanja.<br \/>\n2. Izborna sjednica skup\u0161tine odr\u017eava se svake \u010detiri godine.<br \/>\n3. Izvanredna skup\u0161tina se odr\u017eava prema potrebi. Mo\u017ee se sazvati na prijedlog Upravnog odbora, Nadzornog odbora, ili na zahtjev najmanje 20% redovnih \u010dlanova Dru\u0161tva. Na izvanrednoj sjednici skup\u0161tine odlu\u010duje se samo o pitanjima radi kojih je sjednica sazvana.<br \/>\nAko predsjednik ne sazove izvanrednu Skup\u0161tinu na zahtjev predlaga\u010da iz stavka 3. ovog \u010dlanka u roku 30 dana od podnesenog zahtjeva, mo\u017ee je sazvati predlaga\u010d.<\/p>\n<p>\u010clanak 17.<br \/>\nSkup\u0161tina mo\u017ee donositi odluke i zaklju\u010dke ako je na sjednici Skup\u0161tine nazo\u010dno najmanje 30 % redovnih \u010dlanova Dru\u0161tva. Pravovaljana odluka donosi se ve\u0107inom glasova nazo\u010dnih \u010dlanova.<br \/>\nOdluke o promjeni Statuta i prestanku rada Dru\u0161tva Skup\u0161tina donosi dvotre\u0107inskom ve\u0107inom nazo\u010dnih \u010dlanova.<br \/>\n\u010clanak 18.<br \/>\n1. Skup\u0161tina Dru\u0161tva utvr\u0111uje prijedlog Statuta i njegovih izmjena i dopuna.<br \/>\n2. Bira i razrje\u0161ava predsjednika Skup\u0161tine Dru\u0161tva, te \u010dlanove Upravnog i Nadzornog odbora.<br \/>\n3. Bira i razrje\u0161ava predsjednika i dopredsjednika Dru\u0161tva.<br \/>\n4. Bira i razrje\u0161ava osobe za zastupanje.<br \/>\n5. Bira i razrje\u0161ava likvidatora Dru\u0161tva.<br \/>\n6. Imenuje po\u010dasne \u010dlanove Dru\u0161tva.<br \/>\n7. Donosi odluku o osnivanju sekcija.<br \/>\n8. Razmatra izvje\u0161\u0107a Upravnog odbora o radu Dru\u0161tva u protekloj godini, te odlu\u010duje o njegovom prihva\u0107anju.<br \/>\n9. Usvaja zavr\u0161ni ra\u010dun za proteklu godinu.<br \/>\n10. Na prijedlog Upravnog odbora donosi okvirni plan rada za narednu godinu.<br \/>\n11. Na prijedlog Upravnog odbora donosi financijski plan za narednu godinu.<br \/>\n12. Odre\u0111uje visinu \u010dlanarine.<br \/>\n13. Rje\u0161ava \u017ealbe \u010dlanova Dru\u0161tva u drugom stupnju.<br \/>\n14. Odlu\u010duje o odnosima s drugim udrugama, institucijama i me\u0111unarodnim asocijacijama iste ili sli\u010dne djelatnosti.<br \/>\n15. Odlu\u010duje o prestanku postojanja Dru\u0161tva.<br \/>\n\u010clanak 19.<\/p>\n<ul>\n<li>Skup\u0161tina mo\u017ee razrije\u0161iti predsjednika Skup\u0161tine, predsjednika Dru\u0161tva, Upravni odbor i Nadzorni odbor i prije isteka vremena na koje su izabrani, u slu\u010daju ako prekora\u010de svoja ovla\u0161tenja ili ne izvr\u0161avaju savjesno povjerene obveze.<\/li>\n<li>Ako razrje\u0161ava cijeli Upravno odbor, Skup\u0161tina tada bira novi s punim mandatom, a ako razrje\u0161ava pojedine \u010dlanove Upravnog odbora Skup\u0161tina bira nove \u010dlanove na vrijeme do isteka mandata postoje\u0107eg Upravnog odbora.<\/li>\n<\/ul>\n<p>Ako razrje\u0161ava Nadzorni odbor, Skup\u0161tina bira novi s punim mandatom, a ako razrje\u0161ava pojedine \u010dlanove Nadzornog odbora, skup\u0161tina bira nove \u010dlanove na vrijeme do isteka mandata postoje\u0107eg Nadzornog odbora. <\/p><\/div>\n<\/div>\n<h5 class=\"toggle\"><a href=\"#\">Predsjednik skup\u0161tine (\u010clanak 20)<\/a><\/h5>\n<div class=\"toggle-content\">\n<div class=\"block\">\n<p>\u010clanak 20.<\/p>\n<ul>\n<li>saziva i predsjedava sjednicama Skup\u0161tine,<\/li>\n<li>predla\u017ee dnevni red i<\/li>\n<li>provodi odluke skup\u0161tine.<\/li>\n<\/ul>\n<\/div>\n<\/div>\n<h5 class=\"toggle\"><a href=\"#\">Predsjednik dru\u0161tva (\u010clanak 21)<\/a><\/h5>\n<div class=\"toggle-content\">\n<div class=\"block\">\n<p>\u010clanak 21.<\/p>\n<ul>\n<li>predstavlja i zastupa Dru\u0161tvo,<\/li>\n<li>Predsjednik Dru\u0161tva je po svojoj funkciji ujedno predsjednik Upravnog odbora.<\/li>\n<li>odgovara za zakonitost rada Dru\u0161tva,<\/li>\n<li>saziva i predsjedava sjednicama Upravnog odbora i<\/li>\n<\/ul>\n<p>Predsjednik za svoj rad odgovara Skup\u0161tini i Upravnom odboru.<br \/>\nU izo\u010dnosti predsjednika Dru\u0161tva zamjenjuje ga tajnik. <\/p><\/div>\n<\/div>\n<h5 class=\"toggle\"><a href=\"#\">Upravni odbor (\u010clanci 22-24)<\/a><\/h5>\n<div class=\"toggle-content\">\n<div class=\"block\">\n<p>\u010clanak 22.<br \/>\nUpravni odbor ima pet \u010dlanova \u2013 predsjednika i \u010detiri \u010dlana. \u010clanove Upravnog odbora bira Skup\u0161tina izme\u0111u redovnih \u010dlanova Dru\u0161tva, na \u010detiri godine. Upravni odbor za svoj rad odgovara Skup\u0161tini.<br \/>\n\u010clanovi Upravnog odbora mogu biti ponovno birani.<br \/>\n\u010clanak 23.<br \/>\nSjednice Upravnog odbora sazivaju se prema potrebi, a najmanje dva puta godi\u0161nje. Sjednice saziva i vodi predsjednik Upravnog odbora, a u njegovoj izo\u010dnosti zamjenjuje ga tajnik.<br \/>\n\u010clanak 24.<br \/>\nUpravni odbor Dru\u0161tva:<\/p>\n<ul>\n<li>utvr\u0111uje prijedlog Statuta i njegovih izmjena i dopuna,<\/li>\n<li>na prijedlog predsjednika imenuje Programsko vije\u0107e,<\/li>\n<li>priprema za Skup\u0161tinu godi\u0161nje izvje\u0161\u0107e o radu Dru\u0161tva u protekloj godini,<\/li>\n<li>utvr\u0111uje prijedlog financijskog plana i zavr\u0161nog ra\u010duna,<\/li>\n<li>predla\u017ee prijem u \u010dlanstvo i isklju\u010denje iz \u010dlanstva,<\/li>\n<li>odlu\u010duje o promjeni adrese Dru\u0161tva,<\/li>\n<li>odlu\u010duje o kori\u0161tenju imovine Dru\u0161tva,<\/li>\n<li>obavlja sve druge aktivnosti koje mu Skup\u0161tina stavi u nadle\u017enost,<\/li>\n<li>razra\u0111uje i provodi plan i program Dru\u0161tva koji usvaja i donosi Skup\u0161tina.<\/li>\n<\/ul>\n<\/div>\n<\/div>\n<h5 class=\"toggle\"><a href=\"#\">Tajnik (\u010clanak 25)<\/a><\/h5>\n<div class=\"toggle-content\">\n<div class=\"block\">\n<p>\u010clanak 25.<br \/>\nTajnika Dru\u0161tva bira Upravni odbor me\u0111u svojim \u010dlanovima.<br \/>\nTajnik Dru\u0161tva vodi ra\u010duna o svim segmentima rada Dru\u0161tva koji se ti\u010du pravnih i drugih dokumenata, priprema sjednice Upravnog odbora i Skup\u0161tine zajedno s predsjednikom, vodi zapisnike Skup\u0161tine i sjednica Upravnog odbora, brine za arhiv, te po ovla\u0161tenju predsjednika i Upravnog odbora, odr\u017eava veze sa udrugama i ustanovama s kojima Dru\u0161tvo sura\u0111uje. Za svoj rad tajnik odgovara Upravnom odboru. Tajnik zastupa Dru\u0161tvo.<br \/>\nU slu\u010daju odsutnosti ili sprije\u010denosti Predsjednika, tajnik preuzima sve njegove obaveze i ovlasti.<br \/>\nTajnik poma\u017ee predsjedniku u radu, obavlja i druge poslove koje mu povjeri predsjednik ili Skup\u0161tina <\/p><\/div>\n<\/div>\n<h5 class=\"toggle\"><a href=\"#\">Nadzorni odbor (\u010clanak 26)<\/a><\/h5>\n<div class=\"toggle-content\">\n<div class=\"block\">\n<p>\u010clanak 26.<br \/>\nSkup\u0161tina Dru\u0161tva bira Nadzorni odbor koji ima tri \u010dlana. Nadzorni odbor provodi:<\/p>\n<ul>\n<li>nadzor materijalnog i financijskog poslovanja Dru\u0161tva i<\/li>\n<li>nadzor nad zakonito\u0161\u0107u rada Dru\u0161tva.<\/li>\n<\/ul>\n<p>Nadzorni odbor du\u017ean je sastati se najmanje jednom godi\u0161nje. U slu\u010daju da otkrije nezakonitosti i nepravilnosti, o tome odmah izvje\u0161tava predsjednika Skup\u0161tine i predsjednika Dru\u0161tva.<br \/>\nNadzorni odbor mo\u017ee predlo\u017eiti sazivanje izvanredne Skup\u0161tine.<br \/>\n\u010clan Nadzornog odbora ne mo\u017ee biti \u010dlan nekog drugog tijela u Dru\u0161tvu.<br \/>\nJedna osoba mo\u017ee biti birana za \u010dlana Nadzornog odbora najvi\u0161e dva mandata zaredom.<br \/>\nNadzorni odbor za svoj rad odgovara Skup\u0161tini.<br \/>\nU postupku razrje\u0161enja Nadzornog odbora ili njegovog pojedinog \u010dlana primjenjuju se odredbe \u010dlanka 19. ovog Statuta. <\/p><\/div>\n<\/div>\n<h5 class=\"toggle\"><a href=\"#\">Likvidator (\u010clanak 27)<\/a><\/h5>\n<div class=\"toggle-content\">\n<div class=\"block\">\n<p>\u010clanak 27.<br \/>\nLikvidatora Dru\u0161tva bira i razrje\u0161ava Skup\u0161tina. Likvidator mo\u017ee biti fizi\u010dka ili pravna osoba koja je \u010dlan udruge, ili fizi\u010dka ili pravna osoba koja nije \u010dlan udruge. Likvidator udruge zastupa udrugu u postupku likvidacije te se otvaranjem likvidacijskog postupka upisuje u registar udruga kao osoba ovla\u0161tena za zastupanje do okon\u010danja postupka likvidacije i brisanja udruge iz registra udruga. <\/p><\/div>\n<\/div>\n<h5 class=\"toggle\"><a href=\"#\">Programsko vije\u0107e (\u010clanci 28-30)<\/a><\/h5>\n<div class=\"toggle-content\">\n<div class=\"block\">\n<p>\u010clanak 28.<br \/>\nProgramsko vije\u0107e je stru\u010dno tijelo sastavljeno od predava\u010da, odnosno od voditelja seminara i njihovih asistenata. Predla\u017ee ga predsjednik, a potvr\u0111uje Upravni odbor. Broj \u010dlanova nije stalan; ovisi o opsegu aktivnosti Dru\u0161tva. Rad Programskog vije\u0107a koordinira predsjednik Dru\u0161tva.<br \/>\nZa svoj rad Programsko vije\u0107e odgovara Upravnom odboru.<br \/>\n\u010clanak 29.<br \/>\nNa temelju globalnog godi\u0161njeg plana koji je donijela Skup\u0161tina, Programsko vije\u0107e predla\u017ee detaljne programe za svaku aktivnost (navedeno u \u010dlanku 9.) u teku\u0107oj godini.<br \/>\n\u010clanak 30.<br \/>\nUpravni odbor mo\u017ee razrije\u0161iti pojedine \u010dlanove Programskog vije\u0107a u slu\u010daju da ne izvr\u0161avaju savjesno preuzete obveze. Na prijedlog predsjednika Dru\u0161tva, na upra\u017enjena mjesta imenuje nove \u010dlanove. <\/p><\/div>\n<\/div>\n<h5 class=\"toggle\"><a href=\"#\">Imovina dru\u0161tva (\u010clanci 31-32)<\/a><\/h5>\n<div class=\"toggle-content\">\n<div class=\"block\">\n<p>\u010clanak 31.<br \/>\nImovinu Dru\u0161tva \u010dine prihodi koje Dru\u0161tvo ostvaruje od:<\/p>\n<ul>\n<li>\u010dlanarine,<\/li>\n<li>sredstava iz prora\u010duna Grada \u0160ibenika,<\/li>\n<li>sredstava iz prora\u010duna \u0160ibensko-kninske \u017eupanije,<\/li>\n<li>sredstava iz prora\u010duna Ministarstva kulture,<\/li>\n<li>prikupljenih donacija od gra\u0111ana, poduze\u0107a i ustanova i<\/li>\n<li>ostalih prihoda sukladno zakonu.<\/li>\n<\/ul>\n<p>\u010clanak 32.<br \/>\nDru\u0161tvo upravlja imovinom u skladu s propisima o materijalnom i financijskom poslovanju neprofitnih organizacija. Svi prihodi i rashodi odre\u0111uju se financijskim planom koji se donosi za jednu kalendarsku godinu.<br \/>\nPo zavr\u0161etku godine za koju se donosi financijski plan sastavlja se zavr\u0161ni ra\u010dun.<br \/>\nUpravno odbor svojom odlukom utvr\u0111uje koje su osobe pored predsjednika ovla\u0161tene za potpisivanje materijalno financijskih dokumenata. <\/p><\/div>\n<\/div>\n<h5 class=\"toggle\"><a href=\"#\">Prestanak postojanja dru\u0161tva (\u010clanci 33-35)<\/a><\/h5>\n<div class=\"toggle-content\">\n<div class=\"block\">\n<p>\u010clanak 33.<br \/>\nDru\u0161tvo prestaje postojati na temelju odluke Skup\u0161tine Dru\u0161tva i u drugim slu\u010dajevima propisanim zakonom.<br \/>\n\u010clanak 34.<br \/>\nU slu\u010daju prestanka postojanja Dru\u0161tva inventar i oprema prelaze u vlasni\u0161tvo Glazbene \u0161kole Ivana Luka\u010di\u0107a u \u0160ibeniku, a ukupna dokumentacija u vlasni\u0161tvo Dr\u017eavnog arhiva, Sabirnog centra u \u0160ibeniku.<br \/>\n\u010clanak 35.<br \/>\nStatut je temeljni op\u0107i akt Dru\u0161tva i svi drugi akti moraju biti u skladu sa odredbama Statuta. Nacrt izmjena i dopuna Statuta priprema i utvr\u0111uje Upravno odbor Dru\u0161tva i upu\u0107uje ga na raspravu \u010dlanovima Dru\u0161tva. Upravni odbor razmatra primjedbe i prijedloge koji su dani u raspravi, zauzima stavove o njima i utvr\u0111uje prijedlog Statuta.<br \/>\nTuma\u010denje odredbi statuta daje Skup\u0161tina Dru\u0161tva. <\/p><\/div>\n<\/div>\n<h5 class=\"toggle\"><a href=\"#\">Zavr\u0161na odredba (\u010clanal 36)<\/a><\/h5>\n<div class=\"toggle-content\">\n<div class=\"block\">\n<p>\u010clanak 36.<br \/>\nOvaj Statut stupa na snagu danom prihva\u0107anja na izvanrednoj Skup\u0161tini Organolo\u0161kog dru\u0161tva &#8220;Organum&#8221; \u0160ibenik, a primjenjuje se danom upisa u registar udruga pri nadle\u017enom tijelu dr\u017eavne uprave.<\/p>\n<\/div>\n<\/div>\n<\/div>\n","protected":false},"excerpt":{"rendered":"","protected":false},"author":2,"featured_media":0,"parent":254,"menu_order":30,"comment_status":"closed","ping_status":"closed","template":"fullwidth.php","meta":[],"_links":{"self":[{"href":"https:\/\/organum.hr\/index.php\/wp-json\/wp\/v2\/pages\/398"}],"collection":[{"href":"https:\/\/organum.hr\/index.php\/wp-json\/wp\/v2\/pages"}],"about":[{"href":"https:\/\/organum.hr\/index.php\/wp-json\/wp\/v2\/types\/page"}],"author":[{"embeddable":true,"href":"https:\/\/organum.hr\/index.php\/wp-json\/wp\/v2\/users\/2"}],"replies":[{"embeddable":true,"href":"https:\/\/organum.hr\/index.php\/wp-json\/wp\/v2\/comments?post=398"}],"version-history":[{"count":26,"href":"https:\/\/organum.hr\/index.php\/wp-json\/wp\/v2\/pages\/398\/revisions"}],"predecessor-version":[{"id":10458,"href":"https:\/\/organum.hr\/index.php\/wp-json\/wp\/v2\/pages\/398\/revisions\/10458"}],"up":[{"embeddable":true,"href":"https:\/\/organum.hr\/index.php\/wp-json\/wp\/v2\/pages\/254"}],"wp:attachment":[{"href":"https:\/\/organum.hr\/index.php\/wp-json\/wp\/v2\/media?parent=398"}],"curies":[{"name":"wp","href":"https:\/\/api.w.org\/{rel}","templated":true}]}}