{"id":6900,"date":"2013-09-29T14:21:53","date_gmt":"2013-09-29T12:21:53","guid":{"rendered":"http:\/\/organum.hr\/?page_id=6900"},"modified":"2014-02-19T12:44:13","modified_gmt":"2014-02-19T11:44:13","slug":"orgulaska-ljetna-skola-2013","status":"publish","type":"page","link":"https:\/\/organum.hr\/index.php\/orgulaska-ljetna-skola-2013\/","title":{"rendered":"Orgula\u0161ka ljetna \u0161kola 2013."},"content":{"rendered":"<p><meta http-equiv=\"Content-Type\" content=\"text\/html; charset=utf-8\" \/><\/p>\n<p><meta name=\"keywords\" content=\"ORGANUM,\u0160IBENIK,KONCERTI\" \/><\/p>\n<style type=\"text\/css\"><!--\nbody { \tmargin: 0px; \tbackground: #C0C0C0; \ttext-align: justify; \tfont-family: Georgia, \"Times New Roman\", Times, serif; \tfont-size: 13px; \tfont-style: italic; \tcolor: #000; } h1, h2, h3 { \tcolor: #AA2808; } h1 { } h2 { } h3 { } p, blockquote, ul, ol { \tmargin-bottom: 20px; \tline-height: 2em; } p { } blockquote { } ul, ol, li { \tmargin: 0px; \tpadding: 0px; \tlist-style: none; } a { \ttext-decoration: underline; \tcolor: #E14949; } a:hover { \ttext-decoration: none; \tcolor: #C11414; } \/* Menu *\/ #menu { \twidth: 872px; \theight: 41px; \tmargin: 0 auto; \tpadding: 0px 0px 0px 0px; \tbackground-image: url(https:\/\/organum.hr\/wp-content\/uploads\/2013\/07\/img03.jpg); \tbackground-repeat: repeat-x; \tbackground-position: left top; } #menu ul { \tmargin: 0; \tlist-style: none; \tline-height: normal; } #menu li { \tdisplay: inline; \ttext-align: center; } #menu a { \theight: 33px; \tdisplay: block; \tfloat: left; \tpadding: 8px 20px 0px 20px; \ttext-decoration: none; \ttext-align: center; \ttext-transform: lowercase; \tfont-family: Georgia, \"Times New Roman\", Times, serif; \tfont-size: 14px; \tfont-weight: normal; \tfont-style: italic; \tcolor: #FFFFFF; } #menu a:hover, #menu .active a { \tbackground: #C11212; \tcolor: #FFFFFF; } #splash { \twidth: 940px; \theight: 299px; \tmargin: 0 auto; } \/* Search *\/ #header-search { \twidth: 940px; \theight: 51px; \tmargin: 0 auto; \tpadding: 0px 0px 0px 0px; } #header-search form { \tfloat: right; \twidth: 300px; \tmargin: 0; \tpadding: 12px 0px 0px 0px; } #header-search fieldset { \tmargin: 0; \tpadding: 0; \tborder: none; } #header-search-text { \twidth: 200px; \tpadding: 2px 3px; \tbackground: #1E1E1E; \tborder: none; \tcolor: #4D4D4D; } #header-search-submit { \tbackground: none; \tborder: none; \tfont-family: Arial, Helvetica, sans-serif; \tfont-size: 12px; \tcolor: #E4E4E4; } #search { \theight: 51px; \tmargin: 0 auto; \tpadding: 0px 0px 60px 0px; } #search form { \tmargin: 0; \tpadding: 12px 0px 0 0; } #search fieldset { \tmargin: 0; \tpadding: 0; \tborder: none; } #search input { \tfloat: left; \tfont: 12px Arial, Helvetica, sans-serif; } #search-text { \twidth: 160px; \theight: 18px; \tpadding: 3px 0 3px 5px; \tborder: 1px solid #999999; \tcolor: #000000; } #search-submit { \tmargin-left: 10px; \tpadding: 4px 4px; \tborder: none; \tbackground: #C11212; \tfont-size: 10px; \tcolor: #FFFFFF; } \/* Page *\/ #page { \twidth: 844px; \tmargin: 0 auto; \tbackground: #FFFFFF url(https:\/\/organum.hr\/wp-content\/uploads\/2013\/08\/img051.jpg) repeat-y left top; } \/* Content *\/ #content { \tfloat: left; \twidth: 560px; \tpadding-top: 30px; } .post { \tbackground: url(images\/img04.gif) repeat-x left bottom; \tmargin: 0px 0px 30px 0px; } .post .title { \tbackground: url(https:\/\/organum.hr\/wp-content\/uploads\/2013\/08\/pauza-11.jpg) no-repeat left 0px; \tmargin: 0px; \tcolor: #BF0B0B; } .post .title a { \tpadding: 0px 0px 0px 40px; \tletter-spacing: -1px; \ttext-decoration: none; \tfont-family: Georgia, \"Times New Roman\", Times, serif; \tfont-size: 28px; \tfont-weight: normal; \tfont-style: italic; \tcolor: #BF0B0B; } .post .entry { \tpadding: 20px 0px; } .post img { \tfloat: left; \tpadding: 15px 0px; } .post .meta { \ttext-align: right; \tpadding: 0px 0 20px 0; \tfont-weight: bold; \tcolor: #202020; } .post .byline { \tpadding-left: 40px; \tfont-size: 12px; \tfont-style: italic; \ttext-transform: lowercase; \tcolor: #7D807A; } \/* Sidebar *\/ #sidebar { \tfloat: right; \twidth: 230px; \tmargin: 20px 0px; \tpadding: 10px 0px 30px 30px; } #sidebar ul { \tmargin: 0; \tpadding: 0; \tlist-style: none; \tline-height: normal; } #sidebar li { \tmargin-bottom: 1px; } #sidebar li ul { \tmargin: 0px; \tpadding: 0px 0px 40px 27px; } #sidebar li li { \tmargin: 0; \tpadding: 9px 0px; \tborder: none; \tbackground: none; } #sidebar h2 { \tmargin: 0px; \tpadding: 0px 0px 10px 0px; \tfont-family: Georgia, \"Times New Roman\", Times, serif; \tfont-size: 18px; \tfont-weight: normal; \tfont-style: italic; \tcolor: #BF0B0B; } #sidebar h3 { \tfont-size: 77%; \tcolor: #110404; } #sidebar p { \tmargin: 0; \tline-height: normal; \tcolor: #D4C792; } #sidebar a { \tborder: none; \ttext-decoration: none; \tcolor: #7D807A; } #sidebar a:hover { \ttext-decoration: underline; } \/* Submenu *\/ #submenu { } \/* News *\/ #news { } #news a { \tfont-size: 85%; } \/* Footer *\/ #footer { \twidth: 960px; \theight: 100px; \tmargin: 0 auto; \tpadding: 14px 0px 0px 0px; \tbackground: url(images\/img04.jpg) no-repeat left top; \tcolor: #9C9C9C; } #footer p { \tmargin: 0; \ttext-align: center; \tfont-size: 11px; } #footer a { \ttext-decoration: underline; \tcolor: #808080; } #footer a:hover { \ttext-decoration: none; }  --><\/p>\n<p>--><\/style>\n<h2><a href=\"https:\/\/organum.hr\/wp-content\/uploads\/2013\/09\/PODLOGA-444.jpg\"><img loading=\"lazy\" class=\" wp-image-6596 alignright\" style=\"border: 1px solid black;\" alt=\"PODLOGA 444\" src=\"https:\/\/organum.hr\/wp-content\/uploads\/2013\/09\/PODLOGA-444.jpg\" width=\"480\" height=\"114\" srcset=\"https:\/\/organum.hr\/wp-content\/uploads\/2013\/09\/PODLOGA-444.jpg 600w, https:\/\/organum.hr\/wp-content\/uploads\/2013\/09\/PODLOGA-444-150x35.jpg 150w, https:\/\/organum.hr\/wp-content\/uploads\/2013\/09\/PODLOGA-444-300x71.jpg 300w\" sizes=\"(max-width: 480px) 100vw, 480px\" \/><\/a><\/h2>\n<div id=\"menu\"><\/div>\n<p><!-- end div#menu --><\/p>\n<div id=\"page\">\n<div id=\"page-bgtop\">\n<div id=\"content\">\n<div class=\"post\">\n<h2 class=\"title\"><a href=\"#\">Doga\u0111anja za vrijeme OLJ\u0160 2013.<\/a><\/h2>\n<div class=\"entry\">\n<p><strong>Od 5. 5 do 14. kolovoza 2013.<\/strong> godine u \u0160ibeniku je odr\u017eana dvadeseta Orgulja\u0161ka ljetna \u0161kola u organizaciji Organolo\u0161kog dru\u0161tva \u201eOrganum\u201c \u0160ibenik, a pod pokroviteljstvom \u0160ibenske biskupije. Pripreme su obavljene u skladu s planom Programskog vije\u0107a i realnim materijalnim mogu\u0107nostima.<\/p>\n<p>Ove godine radu \u0161kole su pripomogli: Grad \u0160ibenik, \u0160ibensko-kninska \u017eupanija, Ministarstvo kulture, Turisti\u010dka zajednica grada \u0160ibenika, Turisti\u010dka zajednica \u017dupanije \u0161ibensko-kninske, Maja Husedjinovi\u0107 (ing. Kemije, Zagreb), Rivijera d.d., Glazbena \u0161kola Ivana Luka\u010di\u0107a, \u017eupa Sv. Jakova, samostan Sv. Frane, samostani sestara benediktinki i sestara dominikanki.<\/p>\n<p><strong>Mala orguljarska radionica iz Malog Mihaljevca<\/strong> (Tihomil Horvat) pripremila je \u0161estore orgulje u \u0160ibeniku (redovito godi\u0161nje odr\u017eavanje): u Katedrali, dvoje orgulje u crkvi Sv. Frane, u crkvi Sv. Ivana, u Novoj crkvi B. D. Marije i u crkvi Sv. Duha.<\/p>\n<\/div>\n<div class=\"meta\"><\/div>\n<\/div>\n<div class=\"post\">\n<h2 class=\"title\"><a href=\"#\">Seminari i radionice<\/a><\/h2>\n<div class=\"entry\">\n<h5 class=\"toggle\"><a href=\"#\"><strong>Glazba renesanse i baroka<\/strong> &#8211; seminari &#8230;&#8230;..Read more<\/a><\/h5>\n<div class=\"toggle-content\">\n<div class=\"block\"><strong>Glazba renesanse i baroka<\/strong> &#8211; seminar<\/p>\n<p>Voditelj:<strong>Pavao Ma\u0161i\u0107 <\/strong>(\u0160ibenik)<\/p>\n<p>Kroz odabrane sadr\u017eaje polaznici su se usavr\u0161avali u majstorskoj interpretaciji glazbe skladane za instrumente s tipkama u razdoblju renesanse i baroka.<\/p>\n<p><strong>Orguljska glazba XIX-XXI stolje\u0107a<\/strong> &#8211; seminar<\/p>\n<p>Voditeljica: <strong>Natalija Imbri\u0161ak <\/strong>(Koprivnica)<\/p>\n<p>Kroz odabranu literaturu polaznici su se usavr\u0161avali u majstorskoj interpretaciji recentne orguljske glazbe.<\/p>\n<p><strong>Improvizacija na orguljama<\/strong> \u2013 seminar<\/p>\n<p>Voditelj: <strong>Ante Kne\u0161aurek <\/strong>(Zagreb)<\/p>\n<p>Nadareni polaznici koji su odabrali ovaj seminar postupno su upoznavali zakonitosti i vje\u0161tinu improviziranja.<\/p>\n<p><strong>Organologija<\/strong> &#8211; radionica<\/p>\n<p>Predava\u010d:<strong>Emin Armano<\/strong> (Zagreb)<\/p>\n<p>Polaznici su upoznavali osnove organologije i tipove orgulja od antike do danas. Nastavili su s prou\u010davanjem sa\u010duvanih ostataka orgulja DomenicaMoscatellija gra\u0111enih za hvarsku katedralu 1786. god. i prikupljali podatke za cjelovit elaborat o instrumentalnom ustroju ovih orgulja.<\/p>\n<p><strong>Arhivistika radionica<\/strong><\/p>\n<p>Voditeljica:<strong>Dr. Snje\u017eana Miklau\u0161i\u0107\u0106eran <\/strong>(Zagreb)<\/p>\n<p>Uz teoretski pristup polaznici su nastavili sre\u0111ivanje muzikalija 20. stolje\u0107a u \u0161ibenskoj katedrali.<\/p>\n<\/div>\n<\/div>\n<p><object width=\"600\" height=\"450\" classid=\"clsid:d27cdb6e-ae6d-11cf-96b8-444553540000\" codebase=\"http:\/\/download.macromedia.com\/pub\/shockwave\/cabs\/flash\/swflash.cab#version=6,0,40,0\" bgcolor=\"#FFFFFF\"><param name=\"quality\" value=\"high\" \/><param name=\"wmode\" value=\"window\" \/><param name=\"menu\" value=\"false\" \/><param name=\"flashvars\" value=\"\" \/><param name=\"src\" value=\"https:\/\/organum.hr\/wp-content\/uploads\/2013\/09\/Movie31.swf\" \/><embed width=\"600\" height=\"450\" type=\"application\/x-shockwave-flash\" src=\"https:\/\/organum.hr\/wp-content\/uploads\/2013\/09\/Movie31.swf\" quality=\"high\" wmode=\"window\" menu=\"false\" flashvars=\"\" bgcolor=\"#FFFFFF\" \/><\/object><\/p>\n<\/div>\n<div class=\"meta\"><\/div>\n<\/div>\n<div class=\"post\">\n<h2 class=\"title\"><a href=\"#\">Tijek nastave<\/a><\/h2>\n<div class=\"entry\">\n<p>Rad seminara bio je organiziran u sedam crkava u gradu (u Sv. Frane, Sv. Ivana, Katedrali, Novoj crkva BDM, Sv. Kri\u017eu, crkvi Sv. Duha) i u glazbenoj \u0161koli I. Luka\u010di\u0107a. Arhivisti\u010dka radionica je bila u prostoru \u017eupnog ureda Sv. Jakova u \u0160ibeniku, a organologija u pala\u010di Rossini (dep\u00f4 \u0161ibenskog muzeja).<\/p>\n<\/div>\n<div class=\"meta\">\n<p class=\"links\"><a class=\"comments\" href=\"#\">Foto<\/a><\/p>\n<\/div>\n<\/div>\n<div class=\"post\">\n<h2 class=\"title\"><a href=\"#\">Koncerti<\/a><\/h2>\n<div class=\"entry\">\n<p><strong>05\/08\/ 20:30 Crkva Sv. Duha<\/strong><\/p>\n<p><strong>06\/08\/ 20:30 Crkva Sv. Duha<\/strong><\/p>\n<p><strong>08\/08\/ 20:30 Katedrala Sv. Jakova<\/strong><\/p>\n<p><strong>10\/08\/ 20:30 Crkva Sv. Frane<\/strong><\/p>\n<p><strong>12\/08\/ 20:30 Crkva Sv. Frane<\/strong><\/p>\n<p><strong>13\/08\/ 20:30 Katedrala Sv. Jakova<\/strong><\/p>\n<\/div>\n<div class=\"meta\"><\/div>\n<\/div>\n<div class=\"post\">\n<h2 class=\"title\"><a href=\"#\">Ostala zbivanja<\/a><\/h2>\n<div class=\"entry\">\n<p>&nbsp;<\/p>\n<h5 class=\"toggle\"><a href=\"#\"><strong>U utorak 6. kolovoza<\/strong> 2013. &#8230;&#8230;&#8230;&#8230;&#8230;.. Read more<\/a><\/h5>\n<div class=\"toggle-content\">\n<div class=\"block\"> <strong>U utorak 6. kolovoza<\/strong> 2013. u 12,15 sati, u glazbenoj \u0161koli Ivana Luka\u010di\u0107a odr\u017eana je izborna skup\u0161tina udruge Organum. Razrije\u0161ena je dosada\u0161nja uprava i izabrana nova. Bitne promjene: za predsjednicu udruge izabrana je mlada profesorica orgulja Tina Guberina (\u0160ibenik), za njenog zamjenika izabran je Franko \u010ceko. Tajnik \u0107e biti Bo\u017eidar Grga.<\/p>\n<p><strong> U srijedu 7. kolovoza<\/strong> 2013. u 10 sati, odr\u017ean je prvi neformalni susret hrvatskih organologa, a sudionici su:<\/p>\n<p>\u2022 Emin Arman,organolog, Zagreb<\/p>\n<p>\u2022 Goran Bekina, asistent organologu Armanu, fotograf Konzervatorskog odjela u Bjelovaru<\/p>\n<p>\u2022 Marko \u0110uraki\u0107 je diplomant studija orgulja kod Penzara, povjerenik je za orgulje Bjelovarsko-kri\u017eeva\u010dke biskupije, Kri\u017eevci<\/p>\n<p>\u2022 Bo\u017eidar Grga organolog, \u0160ibenik<\/p>\n<p>Bila je najavljena Martina Juranovi\u0107-Tonejc, zaposlenica u Ministarstvu kulture, voditeljica Slu\u017ebe za dokumentaciju i promociju kulturne ba\u0161tine, no bila je sprije\u010dena.<\/p>\n<p>Na\u010delno smo razgovarali o popularizaciji orgulja (recentnih i povijesnih) i o mogu\u0107nostima objavljivanja stru\u010dne organolo\u0161ke literature. Organolo\u0161ko dru\u0161tvo \u201eOrganum\u201c \u0160ibenik bi bilo nositelj aktivnosti u realiziranju budu\u0107ih konkretnih dogovora.<\/p>\n<p><strong> U petak 9. kolovoza<\/strong> 2013. u gradskoj knji\u017enici Jurja\u0160i\u017egori\u0107a odr\u017eana je promocija novog nosa\u010da zvuka mr. Natalije Imbri\u0161ak &#8211; C\u00e9sar Franck i Charles-MarieWidor. U promociji su sudjelovale dr. Snje\u017eana Miklau\u0161i\u0107-\u0106eran i mr. Natalija Imbri\u0161ak.UdrugaOrganum je svim polaznicima poklonila CD.<\/p>\n<p><strong> U \u010detvrtak, 14. kolovoza<\/strong> 2013. u glazbenoj \u0161koli Ivana Luka\u010di\u0107a odr\u017ean je okrugli stol na kojem su se okupili predava\u010di, polaznici i predstavnici organizatora. Analizirali su rad ovogodi\u0161nje Orgulja\u0161ke ljetne \u0161kole. Zaklju\u010deno je da je \u0161kola uspje\u0161no realizirala zacrtani program u seminarima i radionicama \u0161to su potvrdili odr\u017eani koncerti.<\/p>\n<p>Istog dna polaznicima su podijeljena uvjerenja o poha\u0111anju seminara i o uspje\u0161nosti svladavanja planirane gra\u0111e. Tri su kategorije uvjerenja: 1. polaznik je poha\u0111ao odre\u0111eni seminar, 2. polaznik je uspje\u0161no svladao planirano gradivo i 3. polaznik se posebno isticao u svladavanju planiranog gradiva.<\/p>\n<p><strong> Plan orgulja\u0161ke ljetne \u0161kole za 2014. godinu:<\/strong><\/p>\n<p>\u2022 vrijeme odr\u017eavanja od 4. do 13. kolovoza<\/p>\n<p>\u2022 5 seminara (kao 2013.)<\/p>\n<p>\u2022 6 koncerata<\/p><\/div>\n<\/div>\n<p><object width=\"600\" height=\"450\" classid=\"clsid:d27cdb6e-ae6d-11cf-96b8-444553540000\" codebase=\"http:\/\/download.macromedia.com\/pub\/shockwave\/cabs\/flash\/swflash.cab#version=6,0,40,0\" bgcolor=\"#FFFFFF\"><param name=\"quality\" value=\"high\" \/><param name=\"wmode\" value=\"window\" \/><param name=\"menu\" value=\"false\" \/><param name=\"flashvars\" value=\"\" \/><param name=\"src\" value=\"https:\/\/organum.hr\/wp-content\/uploads\/2013\/09\/GRGA.swf\" \/><embed width=\"600\" height=\"450\" type=\"application\/x-shockwave-flash\" src=\"https:\/\/organum.hr\/wp-content\/uploads\/2013\/09\/GRGA.swf\" quality=\"high\" wmode=\"window\" menu=\"false\" flashvars=\"\" bgcolor=\"#FFFFFF\" \/><\/object><\/p>\n<\/div>\n<div class=\"meta\"><\/div>\n<\/div>\n<\/div>\n<p><!-- end div#content --><\/p>\n<div id=\"sidebar\">\n<ul>\n<li>\n<h2>Emin Armano<\/h2>\n<ul>\n<li><a href=\"https:\/\/organum.hr\/index.php\/zivotopis\/ \">\u017divotopis<\/a><\/li>\n<\/ul>\n<\/li>\n<li>\n<h2>Snje\u017eana Miklau\u0161i\u0107-\u010ceran<\/h2>\n<ul>\n<li><a href=\"https:\/\/organum.hr\/index.php\/zivotopis\/ \" target=\"_blank\">\u017divotopis<\/a><\/li>\n<\/ul>\n<\/li>\n<li>\n<h2>Ante Kne\u0161aurek<\/h2>\n<ul>\n<li><a href=\"https:\/\/organum.hr\/index.php\/zivotopis\/ \" target=\"_blank\">\u017divotopis<\/a><\/li>\n<\/ul>\n<\/li>\n<li>\n<h2>Natalija Imbri\u0161ak<\/h2>\n<ul>\n<li><a href=\"https:\/\/organum.hr\/index.php\/zivotopis\/ \" target=\"_blank\">\u017divotopis<\/a><\/li>\n<\/ul>\n<\/li>\n<li>\n<h2>Pavao Ma\u0161i\u0107<\/h2>\n<ul>\n<li><a href=\"https:\/\/organum.hr\/index.php\/zivotopis\/ \" target=\"_blank\">\u017divotopis<\/a><\/li>\n<\/ul>\n<\/li>\n<li>\n<h2>Crkva Sv. Duha<\/h2>\n<ul>\n<li style=\"text-align: center;\"><span style=\"color: #000000;\"><strong><span style=\"color: #000000;\">Lupinijeve orgulje<\/span><\/strong><\/span><\/li>\n<li><a href=\"https:\/\/organum.hr\/wp-content\/uploads\/2013\/09\/Sveti-1.jpg\"><img loading=\"lazy\" class=\"alignnone size-full wp-image-7137\" style=\"border: 2px solid black;\" alt=\"Sveti 1\" src=\"https:\/\/organum.hr\/wp-content\/uploads\/2013\/09\/Sveti-1.jpg\" width=\"200\" height=\"98\" srcset=\"https:\/\/organum.hr\/wp-content\/uploads\/2013\/09\/Sveti-1.jpg 200w, https:\/\/organum.hr\/wp-content\/uploads\/2013\/09\/Sveti-1-150x73.jpg 150w\" sizes=\"(max-width: 200px) 100vw, 200px\" \/><\/a><\/li>\n<li style=\"text-align: center;\"><span style=\"color: #000000;\"><strong>Najstarije sa\u010duvane orgulje<\/strong><\/span><\/li>\n<li style=\"text-align: center;\"><span style=\"color: #000000;\"><strong>u Hrvatskoj, 1640.<\/strong><\/span><\/li>\n<li><\/li>\n<li><\/li>\n<li><\/li>\n<\/ul>\n<\/li>\n<li>\n<h2>Crkva Sv. Frane<\/h2>\n<ul>\n<li style=\"text-align: center;\"><strong>Petar Naki\u0107 \u0160iben\u010danin<\/strong><\/li>\n<li><a href=\"https:\/\/organum.hr\/wp-content\/uploads\/2013\/09\/NAKIC.jpg\"><img loading=\"lazy\" class=\"alignnone size-full wp-image-7164\" style=\"border: 2px solid black;\" alt=\"NAKIC\" src=\"https:\/\/organum.hr\/wp-content\/uploads\/2013\/09\/NAKIC.jpg\" width=\"200\" height=\"98\" srcset=\"https:\/\/organum.hr\/wp-content\/uploads\/2013\/09\/NAKIC.jpg 200w, https:\/\/organum.hr\/wp-content\/uploads\/2013\/09\/NAKIC-150x73.jpg 150w\" sizes=\"(max-width: 200px) 100vw, 200px\" \/><\/a><\/li>\n<li style=\"text-align: center;\"><strong>povijesne orgulje, god. 1762.<\/strong><\/li>\n<li><\/li>\n<li style=\"text-align: center;\"><strong>M. Heferera Udova<\/strong> <strong>i sina<\/strong><\/li>\n<li><a href=\"https:\/\/organum.hr\/wp-content\/uploads\/2013\/09\/FRANE.jpg\"><img loading=\"lazy\" class=\"alignnone size-full wp-image-7165\" style=\"border: 2px solid black;\" alt=\"FRANE\" src=\"https:\/\/organum.hr\/wp-content\/uploads\/2013\/09\/FRANE.jpg\" width=\"200\" height=\"122\" srcset=\"https:\/\/organum.hr\/wp-content\/uploads\/2013\/09\/FRANE.jpg 200w, https:\/\/organum.hr\/wp-content\/uploads\/2013\/09\/FRANE-150x91.jpg 150w\" sizes=\"(max-width: 200px) 100vw, 200px\" \/><\/a><\/li>\n<li style=\"text-align: center;\"><strong>\u00a0\u00a0\u00a0\u00a0\u00a0 godina 1969.<\/strong><\/li>\n<\/ul>\n<\/li>\n<li>\n<h2>\u00a0Katedrala, Sv. Jakov<\/h2>\n<ul>\n<li style=\"text-align: center;\"><strong>Franc Jenko (Slovenija)<\/strong><\/li>\n<li><\/li>\n<li><a href=\"https:\/\/organum.hr\/wp-content\/uploads\/2013\/09\/KATEDRALA.jpg\"><img loading=\"lazy\" class=\"alignnone size-full wp-image-7156\" style=\"border: 2px solid black;\" alt=\"KATEDRALA\" src=\"https:\/\/organum.hr\/wp-content\/uploads\/2013\/09\/KATEDRALA.jpg\" width=\"200\" height=\"98\" srcset=\"https:\/\/organum.hr\/wp-content\/uploads\/2013\/09\/KATEDRALA.jpg 200w, https:\/\/organum.hr\/wp-content\/uploads\/2013\/09\/KATEDRALA-150x73.jpg 150w\" sizes=\"(max-width: 200px) 100vw, 200px\" \/><\/a><\/li>\n<li style=\"text-align: center;\"><strong>god. 1968.<\/strong><\/li>\n<li><\/li>\n<li><\/li>\n<\/ul>\n<\/li>\n<li>\n<h2>Crkva Sv.Ivana<\/h2>\n<ul>\n<li style=\"text-align: center;\"><strong>Bra\u0107a Zupan (Slovenija)<\/strong><\/li>\n<li><\/li>\n<li><\/li>\n<li><a href=\"https:\/\/organum.hr\/wp-content\/uploads\/2013\/09\/IVAN-1.jpg\"><img loading=\"lazy\" class=\"alignnone size-full wp-image-7152\" style=\"border: 2px solid black;\" alt=\"IVAN 1\" src=\"https:\/\/organum.hr\/wp-content\/uploads\/2013\/09\/IVAN-1.jpg\" width=\"200\" height=\"98\" srcset=\"https:\/\/organum.hr\/wp-content\/uploads\/2013\/09\/IVAN-1.jpg 200w, https:\/\/organum.hr\/wp-content\/uploads\/2013\/09\/IVAN-1-150x73.jpg 150w\" sizes=\"(max-width: 200px) 100vw, 200px\" \/><\/a><\/li>\n<li style=\"text-align: center;\"><strong>god. 1908.<\/strong><\/li>\n<li><\/li>\n<\/ul>\n<\/li>\n<li>\n<h2>Nova crkva<\/h2>\n<ul>\n<li style=\"text-align: center;\"><strong>Bra\u0107a Giacobbi (Italija)<\/strong><\/li>\n<li><a href=\"https:\/\/organum.hr\/wp-content\/uploads\/2013\/09\/Nova-crkva.jpg\"><img loading=\"lazy\" class=\"alignnone size-full wp-image-7144\" style=\"border: 2px solid black;\" alt=\"Nova crkva\" src=\"https:\/\/organum.hr\/wp-content\/uploads\/2013\/09\/Nova-crkva.jpg\" width=\"200\" height=\"98\" srcset=\"https:\/\/organum.hr\/wp-content\/uploads\/2013\/09\/Nova-crkva.jpg 200w, https:\/\/organum.hr\/wp-content\/uploads\/2013\/09\/Nova-crkva-150x73.jpg 150w\" sizes=\"(max-width: 200px) 100vw, 200px\" \/><\/a><\/li>\n<li style=\"text-align: center;\"><strong>povijesne orgulje, god. 1859.<\/strong><\/li>\n<li><\/li>\n<\/ul>\n<\/li>\n<li>\n<h2>Crkva Sv. Kri\u017e<\/h2>\n<ul>\n<li style=\"text-align: center;\"><strong>Francesco Dacci stariji<\/strong><\/li>\n<li><a href=\"https:\/\/organum.hr\/wp-content\/uploads\/2013\/09\/KRIZ1.jpg\"><img loading=\"lazy\" class=\"alignnone size-full wp-image-7154\" style=\"border: 2px solid black;\" alt=\"KRIZ1\" src=\"https:\/\/organum.hr\/wp-content\/uploads\/2013\/09\/KRIZ1.jpg\" width=\"200\" height=\"98\" srcset=\"https:\/\/organum.hr\/wp-content\/uploads\/2013\/09\/KRIZ1.jpg 200w, https:\/\/organum.hr\/wp-content\/uploads\/2013\/09\/KRIZ1-150x73.jpg 150w\" sizes=\"(max-width: 200px) 100vw, 200px\" \/><\/a><\/li>\n<li style=\"text-align: center;\"><strong>povijesne orgulje, god. 1776.<\/strong><\/li>\n<li><\/li>\n<li><\/li>\n<li><\/li>\n<\/ul>\n<\/li>\n<\/ul>\n<\/div>\n<p><!-- end div#sidebar --><\/p>\n<div style=\"clear: both; height: 1px;\"><\/div>\n<\/div>\n<\/div>\n<p><!-- end div#page<\/div>\n\n\n<!-- end div#wrapper --><\/p>\n","protected":false},"excerpt":{"rendered":"<p>Doga\u0111anja za vrijeme OLJ\u0160 2013. Od 5. 5 do 14. kolovoza 2013. godine u \u0160ibeniku je odr\u017eana dvadeseta Orgulja\u0161ka ljetna \u0161kola u organizaciji Organolo\u0161kog dru\u0161tva \u201eOrganum\u201c \u0160ibenik, a pod pokroviteljstvom \u0160ibenske biskupije. Pripreme su obavljene u skladu s planom Programskog vije\u0107a i realnim materijalnim mogu\u0107nostima. Ove godine radu \u0161kole su pripomogli: Grad \u0160ibenik, \u0160ibensko-kninska \u017eupanija, [&#038;hellip<\/p>\n","protected":false},"author":2,"featured_media":0,"parent":0,"menu_order":0,"comment_status":"closed","ping_status":"closed","template":"fullwidth.php","meta":[],"_links":{"self":[{"href":"https:\/\/organum.hr\/index.php\/wp-json\/wp\/v2\/pages\/6900"}],"collection":[{"href":"https:\/\/organum.hr\/index.php\/wp-json\/wp\/v2\/pages"}],"about":[{"href":"https:\/\/organum.hr\/index.php\/wp-json\/wp\/v2\/types\/page"}],"author":[{"embeddable":true,"href":"https:\/\/organum.hr\/index.php\/wp-json\/wp\/v2\/users\/2"}],"replies":[{"embeddable":true,"href":"https:\/\/organum.hr\/index.php\/wp-json\/wp\/v2\/comments?post=6900"}],"version-history":[{"count":153,"href":"https:\/\/organum.hr\/index.php\/wp-json\/wp\/v2\/pages\/6900\/revisions"}],"predecessor-version":[{"id":7163,"href":"https:\/\/organum.hr\/index.php\/wp-json\/wp\/v2\/pages\/6900\/revisions\/7163"}],"wp:attachment":[{"href":"https:\/\/organum.hr\/index.php\/wp-json\/wp\/v2\/media?parent=6900"}],"curies":[{"name":"wp","href":"https:\/\/api.w.org\/{rel}","templated":true}]}}