{"id":9805,"date":"2015-07-22T14:11:37","date_gmt":"2015-07-22T12:11:37","guid":{"rendered":"http:\/\/organum.hr\/?page_id=9805"},"modified":"2022-06-22T20:29:11","modified_gmt":"2022-06-22T18:29:11","slug":"2015-2","status":"publish","type":"page","link":"https:\/\/organum.hr\/index.php\/2015-2\/","title":{"rendered":"Pokrovitelji i organizacija OLJ\u0160 2015"},"content":{"rendered":"<p><meta http-equiv=\"Content-Type\" content=\"text\/html; charset=utf-8\" \/><\/p>\n<p><meta name=\"keywords\" content=\"ORGANUM,\u0160IBENIK,KONCERTI\" \/><\/p>\n<style type=\"text\/css\"><!--\nbody { \tmargin: 0px; \tbackground: #C0C0C0; \ttext-align: justify; \tfont-family: Georgia, \"Times New Roman\", Times, serif; \tfont-size: 13px; \tfont-style: italic; \tcolor: #000; } h1, h2, h3 { \tcolor: #AA2808; } h1 { } h2 { } h3 { } p, blockquote, ul, ol { \tmargin-bottom: 20px; \tline-height: 2em; } p { } blockquote { } ul, ol, li { \tmargin: 0px; \tpadding: 0px; \tlist-style: none; } a { \ttext-decoration: underline; \tcolor: #E14949; } a:hover { \ttext-decoration: none; \tcolor: #C11414; } \/* Menu *\/ #menu { \twidth: 872px; \theight: 41px; \tmargin: 0 auto; \tpadding: 0px 0px 0px 0px; \tbackground-image: url(https:\/\/organum.hr\/wp-content\/uploads\/2013\/07\/img03.jpg); \tbackground-repeat: repeat-x; \tbackground-position: left top; } #menu ul { \tmargin: 0; \tlist-style: none; \tline-height: normal; } #menu li { \tdisplay: inline; \ttext-align: center; } #menu a { \theight: 33px; \tdisplay: block; \tfloat: left; \tpadding: 8px 20px 0px 20px; \ttext-decoration: none; \ttext-align: center; \ttext-transform: lowercase; \tfont-family: Georgia, \"Times New Roman\", Times, serif; \tfont-size: 14px; \tfont-weight: normal; \tfont-style: italic; \tcolor: #FFFFFF; } #menu a:hover, #menu .active a { \tbackground: #C11212; \tcolor: #FFFFFF; } #splash { \twidth: 940px; \theight: 299px; \tmargin: 0 auto; } \/* Search *\/ #header-search { \twidth: 940px; \theight: 51px; \tmargin: 0 auto; \tpadding: 0px 0px 0px 0px; } #header-search form { \tfloat: right; \twidth: 300px; \tmargin: 0; \tpadding: 12px 0px 0px 0px; } #header-search fieldset { \tmargin: 0; \tpadding: 0; \tborder: none; } #header-search-text { \twidth: 200px; \tpadding: 2px 3px; \tbackground: #1E1E1E; \tborder: none; \tcolor: #4D4D4D; } #header-search-submit { \tbackground: none; \tborder: none; \tfont-family: Arial, Helvetica, sans-serif; \tfont-size: 12px; \tcolor: #E4E4E4; } #search { \theight: 51px; \tmargin: 0 auto; \tpadding: 0px 0px 60px 0px; } #search form { \tmargin: 0; \tpadding: 12px 0px 0 0; } #search fieldset { \tmargin: 0; \tpadding: 0; \tborder: none; } #search input { \tfloat: left; \tfont: 12px Arial, Helvetica, sans-serif; } #search-text { \twidth: 160px; \theight: 18px; \tpadding: 3px 0 3px 5px; \tborder: 1px solid #999999; \tcolor: #000000; } #search-submit { \tmargin-left: 10px; \tpadding: 4px 4px; \tborder: none; \tbackground: #C11212; \tfont-size: 10px; \tcolor: #FFFFFF; } \/* Page *\/ #page { \twidth: 844px; \tmargin: 0 auto; \tbackground: #FFFFFF url(https:\/\/organum.hr\/wp-content\/uploads\/2013\/08\/img051.jpg) repeat-y left top; } \/* Content *\/ #content { \tfloat: left; \twidth: 560px; \tpadding-top: 30px; } .post { \tbackground: url(images\/img04.gif) repeat-x left bottom; \tmargin: 0px 0px 30px 0px; } .post .title { \tbackground: url(https:\/\/organum.hr\/wp-content\/uploads\/2013\/08\/pauza-11.jpg) no-repeat left 0px; \tmargin: 0px; \tcolor: #BF0B0B; } .post .title a { \tpadding: 0px 0px 0px 40px; \tletter-spacing: -1px; \ttext-decoration: none; \tfont-family: Georgia, \"Times New Roman\", Times, serif; \tfont-size: 28px; \tfont-weight: normal; \tfont-style: italic; \tcolor: #BF0B0B; } .post .entry { \tpadding: 20px 0px; } .post img { \tfloat: left; \tpadding: 15px 0px; } .post .meta { \ttext-align: right; \tpadding: 0px 0 20px 0; \tfont-weight: bold; \tcolor: #202020; } .post .byline { \tpadding-left: 40px; \tfont-size: 12px; \tfont-style: italic; \ttext-transform: lowercase; \tcolor: #7D807A; } \/* Sidebar *\/ #sidebar { \tfloat: right; \twidth: 230px; \tmargin: 20px 0px; \tpadding: 10px 0px 30px 30px; } #sidebar ul { \tmargin: 0; \tpadding: 0; \tlist-style: none; \tline-height: normal; } #sidebar li { \tmargin-bottom: 1px; } #sidebar li ul { \tmargin: 0px; \tpadding: 0px 0px 40px 27px; } #sidebar li li { \tmargin: 0; \tpadding: 9px 0px; \tborder: none; \tbackground: none; } #sidebar h2 { \tmargin: 0px; \tpadding: 0px 0px 10px 0px; \tfont-family: Georgia, \"Times New Roman\", Times, serif; \tfont-size: 18px; \tfont-weight: normal; \tfont-style: italic; \tcolor: #BF0B0B; } #sidebar h3 { \tfont-size: 77%; \tcolor: #110404; } #sidebar p { \tmargin: 0; \tline-height: normal; \tcolor: #D4C792; } #sidebar a { \tborder: none; \ttext-decoration: none; \tcolor: #7D807A; } #sidebar a:hover { \ttext-decoration: underline; } \/* Submenu *\/ #submenu { } \/* News *\/ #news { } #news a { \tfont-size: 85%; } \/* Footer *\/ #footer { \twidth: 960px; \theight: 100px; \tmargin: 0 auto; \tpadding: 14px 0px 0px 0px; \tbackground: url(images\/img04.jpg) no-repeat left top; \tcolor: #9C9C9C; } #footer p { \tmargin: 0; \ttext-align: center; \tfont-size: 11px; } #footer a { \ttext-decoration: underline; \tcolor: #808080; } #footer a:hover { \ttext-decoration: none; }  --><\/p>\n<p>--><\/style>\n<h2><a href=\"https:\/\/organum.hr\/wp-content\/uploads\/2013\/09\/PODLOGA-444.jpg\"><img loading=\"lazy\" class=\" wp-image-6596 alignright\" style=\"border: 1px solid black;\" alt=\"PODLOGA 444\" src=\"https:\/\/organum.hr\/wp-content\/uploads\/2013\/09\/PODLOGA-444.jpg\" width=\"480\" height=\"114\" srcset=\"https:\/\/organum.hr\/wp-content\/uploads\/2013\/09\/PODLOGA-444.jpg 600w, https:\/\/organum.hr\/wp-content\/uploads\/2013\/09\/PODLOGA-444-150x35.jpg 150w, https:\/\/organum.hr\/wp-content\/uploads\/2013\/09\/PODLOGA-444-300x71.jpg 300w\" sizes=\"(max-width: 480px) 100vw, 480px\" \/><\/a><\/h2>\n<div id=\"menu\"><\/div>\n<p><!-- end div#menu --><\/p>\n<div id=\"page\">\n<div id=\"page-bgtop\">\n<div id=\"content\">\n<div class=\"post\">\n<h2 class=\"title\"><a href=\"#\">Pokrovitelji i organizacija OLJ\u0160 2015.<\/a><\/h2>\n<div class=\"entry\">\n<p><strong>Od 3.\u00a0 do 12. kolovoza 2015.<\/strong> godine u \u0160ibeniku \u0107e se odr\u017eati dvadesdruga Orgulja\u0161ka ljetna \u0161kola u organizaciji Organolo\u0161kog dru\u0161tva \u201eOrganum\u201c \u0160ibenik, a pod pokroviteljstvom \u0160ibenske biskupije. Pripreme su obavljene u skladu s planom Programskog vije\u0107a i realnim materijalnim mogu\u0107nostima.<\/p>\n<p>Ove godine radu \u0161kole su pripomogli: Grad \u0160ibenik, \u0160ibensko-kninska \u017eupanija, Ministarstvo kulture, Turisti\u010dka zajednica grada \u0160ibenika, Turisti\u010dka zajednica \u017dupanije \u0161ibensko-kninska, Rivijera d.d., Glazbena \u0161kola Ivana Luka\u010di\u0107a, \u017eupa Sv. Jakova, samostan Sv. Frane, samostani sestara benediktinki i sestara dominikanki.<\/p>\n<p><strong>Mala orguljarska radionica iz Malog Mihaljevca<\/strong> (Tihomil Horvat) pripremila je \u0161estore orgulje u \u0160ibeniku (redovito godi\u0161nje odr\u017eavanje): u Katedrali, dvoje orgulje u crkvi Sv. Frane, u crkvi Sv. Ivana, u Novoj crkvi B. D. Marije i u crkvi Sv. Duha.<\/p>\n<\/div>\n<div class=\"meta\"><\/div>\n<\/div>\n<div class=\"post\">\n<h2 class=\"title\"><a href=\"#\">Program i rad \u0161kole<\/a><\/h2>\n<div class=\"entry\">\n<p>Orgulja\u0161ka \u0161kola svojim je obrazovnim sadr\u017eajima namijenjena \u0161irokom krugu polaznika, kojima nudi priliku za detaljnije upoznavanje odabranog orguljskog repertoara, razvoj vje\u0161tin\u00e2 interpretacije i improvizacije na povijesnim i recentnim orguljama, te potpuniji uvid u konstrukciju takvih instrumenata. Ovakvim se komplementarnim pristupom mladim glazbenicima pru\u017ea mogu\u0107nost za razvijanje \u0161to kreativnijeg pristupa u interpretaciji glazbe, utemeljenim na dubljem razumijevanju skladateljskih principa pojedinih stilskih razdoblja. Jedan od va\u017enih ciljeva \u0160kole je i osposobljavanje mladih orgulja\u0161a za umije\u0107e improvizacije, koje, premda danas u odre\u0111enoj mjeri zapostavljeno, predstavlja za svakog orgulja\u0161a nu\u017enost njegove profesije. Uz seminare za interpretaciju i improvizaciju, u ponudi \u0160kole su i dvije radionice: organolo\u0161ka i arhivisti\u010dka, koje nisu nu\u017eno namijenjene samo orgulja\u0161ima, ve\u0107 i svim onim glazbenicima, muzikolozima, kao i amaterima.<\/p>\n<p>Rad \u0161kole organiziran je u dva dijela: seminari se odr\u017eavaju u prijepodnevnim satima, dok su posli-jepodnevni termini rezervirani za vje\u017ebanje polaznika i tematska stru\u010dna predavanja predava\u010da, a u ve\u010dernjim satima predvi\u0111eni su koncerti. Ove godine planirano je 3 do 5 koncerata za trajanja Orgulja\u0161ke ljetne \u0161kole: 2 koncerta polaznika (<span style=\"text-decoration: underline;\">uspje\u0161nije izvedbe prikazat \u0107emo na na\u0161oj web stranici<\/span>), 1 koncert predava\u010da, te 1 do 2 koncerta gostuju\u0107ih umjetnika.\u017delja nam je da polaznici dobiju uvid u rad drugih seminara koji teku paralelno s njihovim, \u0161to \u0107e se ostvariti jednim organiziranim posjetom svih polaznika svakom pojedinomseminaru. Ako nam materijalne mogu\u0107nosti dopuste,organizirat \u0107emo i multidisciplinarna teoretska predavanja za predava\u010de, polaznike i gra\u0111anstvo.<\/p>\n<\/div>\n<div class=\"meta\"><\/div>\n<\/div>\n<div class=\"post\">\n<h2 class=\"title\"><a href=\"#\">Seminari i radionice<\/a><\/h2>\n<div class=\"entry\">\n<h5 class=\"toggle\"><a href=\"#\"><strong>Glazba renesanse i baroka<\/strong> &#8211; seminari &#8230;&#8230;..Read more<\/a><\/h5>\n<div class=\"toggle-content\">\n<div class=\"block\"><strong>Glazba renesanse i baroka<\/strong> &#8211; seminar<\/p>\n<p>Voditelj:<strong>Pavao Ma\u0161i\u0107 <\/strong>(\u0160ibenik \/ Zageb), 098\/68 62 69, <a href=\"mailto:pavaomasic@yahoo.com\">pavaomasic@yahoo.com<\/a><\/p>\n<p>Polaznici se usavr\u0161avaju u interpretaciji glazbe XVI-XVIII stolje\u0107a, repertoar po slobodnom izboru polaznika. Broj aktivnih polaznika ograni\u010den je na 10.<\/p>\n<p>&nbsp;<\/p>\n<p><strong>Orguljska glazba XIX-XXI stolje\u0107a<\/strong> &#8211; seminar<\/p>\n<p>Voditeljica: <strong>Natalija Imbri\u0161ak <\/strong>(Koprivnica) 048\/623 943, 098\/186 35 11, <a href=\"mailto:natalija.imbrisak@kc.htnet.hr\">natalija.imbrisak@kc.htnet.hr<\/a><\/p>\n<p>Polaznici se usavr\u0161avaju u interpretaciji recentne orguljske glazbe, repertoar po slobodnom izboru polaznika. Broj aktivnih polaznika ograni\u010den je na 8.<\/p>\n<p><strong>Improvizacija na orguljama<\/strong> \u2013 seminar<\/p>\n<p>Voditelj: <strong>Ante Kne\u0161aurek <\/strong>(Zagreb),098\/9053716, <a href=\"mailto:ante.knesaurek@gmail.com\">ante.knesaurek@gmail.com<\/a><\/p>\n<p>Cilj seminara je uvesti polaznike u zakonitosti improvizacijskih vje\u0161tina, te pru\u017eiti svakom pojedinom polazniku metodu prakticiranja i studiranja improvizacije sukladno njegovomosobnom predznanju. Broj aktivnih polaznika ograni\u010den je na 10.<\/p>\n<p><strong>Organologija<\/strong> &#8211; radionica<\/p>\n<p>Predava\u010d:<strong>Emin Armano<\/strong> (Zagreb),098\/177 75 32, <a href=\"mailto:emin.armano@zg.htnet.hr\">emin.armano@zg.htnet.hr<\/a><\/p>\n<p>Polaznici se upoznaju s osnovama organologije i s tipovima orgulja od antike do danas. Prakti\u010dni rad: prou\u010davanje orgulja Domenica Moscatellija gra\u0111enih za hvarsku katedralu 1786. (prikupljanje podataka za elaborat o instrumentalnom ustroju). Broj aktivnih polaznika ograni\u010den je na 4, a pasivnih na 3.<\/p>\n<p>&nbsp;<\/p>\n<p><strong>Arhivistika radionica<\/strong><\/p>\n<p>Voditeljica:<strong>Dr. Snje\u017eana Miklau\u0161i\u0107\u0106eran <\/strong>(Zagreb)091 58 60 273, <a href=\"mailto:branko.ceran@zg.hinet.hr\">branko.ceran@zg.hinet.hr<\/a><\/p>\n<p><span style=\"text-decoration: underline;\">Teoretski pristup<\/span>: Zna\u010denje,prikupljanje, stru\u010dno sre\u0111ivanje,\u010duvanje i kori\u0161tenje arhivske gra\u0111e.<\/p>\n<p><span style=\"text-decoration: underline;\">Prakti\u010dni rad<\/span>: nastavak sre\u0111ivanja muzikalija katedrale (20. stolj.):<\/p>\n<p>a) <i>pregledavanje notnih zapisa i tiskovina i kronolo\u0161ko razvrstavanje,<\/i><\/p>\n<p><i>b) sadr\u017eajna analiza<\/i><\/p>\n<p><i>c) elektroni\u010dka obrada podataka<\/i>.<\/p>\n<p>Broj polaznika: ograni\u010den je na 5 aktivnih, pasivni nisu predvi\u0111eni. Po\u017eeljno je poznavanje talijanskog jezika (nije uvjet).<\/p>\n<\/div>\n<\/div>\n<\/div>\n<div class=\"meta\"><\/div>\n<\/div>\n<div class=\"post\">\n<h2 class=\"title\"><a href=\"#\">Instrumenti<\/a><\/h2>\n<div class=\"entry\">\n<p>Polaznicima je na raspolaganju devet instrumenata u naju\u017eem centru grada:<\/p>\n<p><b>Povijesni instrumenti<\/b> mleta\u010dko-dalmatinske graditeljske \u0161kole:<\/p>\n<ol start=\"1\">\n<li>Orgulje P. Naki\u0107a u crkvi sv. Frane (1762.)<\/li>\n<li>Orgulje F.Daccija u crkvi sv. Kri\u017ea (cca 1776.)<\/li>\n<li>Orgulje N.Lupinija u crkvi sv. Duha (1640.)<\/li>\n<li>Orgulje bra\u0107e Giacobbi u Novoj crkvi (1859.)<\/li>\n<\/ol>\n<p><b>Recentni instrumenti:<\/b><b><\/b><\/p>\n<ol start=\"1\">\n<li>Orgulje radionice Heferer u crkvi sv. Frane (1970.)<\/li>\n<li>Orgulje F. Jenka u Katedrali sv. Jakova (1968.)<\/li>\n<li>Orgulje F. Jenka u crkvi Gospe van grada (1958.)<\/li>\n<li>Orgulje bra\u0107e Zupan u crkvi sv. Ivana (1908.)<\/li>\n<li>Pedalni harmonij, 2manuala, u crkvi sv. Duha (20. stolje\u0107e)<\/li>\n<\/ol>\n<\/div>\n<div class=\"meta\"><\/div>\n<\/div>\n<div class=\"post\">\n<h2 class=\"title\"><a href=\"#\">Koncerti<\/a><\/h2>\n<div class=\"entry\">\n<p><strong>03\/08\/ 20:00 Crkva Sv. Duha<\/strong><\/p>\n<p><strong>06\/08\/ 20:00 Crkva Sv. Frane<\/strong><\/p>\n<p><strong>08\/08\/ 20:00 <strong>Crkva Sv. Frane<\/strong><\/strong><\/p>\n<p><strong>09\/08\/ 20:00 Crkva Sv. Frane<\/strong><\/p>\n<p><strong>10\/08\/ 20:00 Crkva Sv. Frane<\/strong><\/p>\n<p><strong>11\/08\/ 20:00 Katedrala Sv. Jakova<\/strong><\/p>\n<\/div>\n<div class=\"meta\"><\/div>\n<\/div>\n<\/div>\n<p><!-- end div#content --><\/p>\n<div id=\"sidebar\">\n<ul>\n<li>\n<h2>Emin Armano<\/h2>\n<ul>\n<li><span style=\"color: #000000;\"><a href=\"https:\/\/organum.hr\/index.php\/zivotopis\/ \"><span style=\"color: #000000;\">\u017divotopis<\/span><\/a><\/span><\/li>\n<\/ul>\n<\/li>\n<li>\n<h2>Snje\u017eana Miklau\u0161i\u0107-\u010ceran<\/h2>\n<ul>\n<li><span style=\"color: #000000;\"><a href=\"https:\/\/organum.hr\/index.php\/zivotopis\/\" target=\"_blank\" rel=\"noopener\"><span style=\"color: #000000;\">\u017divotopis<\/span><\/a><\/span><\/li>\n<\/ul>\n<\/li>\n<li>\n<h2>Ante Kne\u0161aurek<\/h2>\n<ul>\n<li><span style=\"color: #000000;\"><a href=\"https:\/\/organum.hr\/index.php\/zivotopis\/\" target=\"_blank\" rel=\"noopener\"><span style=\"color: #000000;\">\u017divotopis<\/span><\/a><\/span><\/li>\n<\/ul>\n<\/li>\n<li>\n<h2>Natalija Imbri\u0161ak<\/h2>\n<ul>\n<li><span style=\"color: #000000;\"><a href=\"https:\/\/organum.hr\/index.php\/zivotopis\/\" target=\"_blank\" rel=\"noopener\"><span style=\"color: #000000;\">\u017divotopis<\/span><\/a><\/span><\/li>\n<\/ul>\n<\/li>\n<li>\n<h2>Pavao Ma\u0161i\u0107<\/h2>\n<ul>\n<li><span style=\"color: #000000;\"><a href=\"https:\/\/organum.hr\/index.php\/zivotopis\/\" target=\"_blank\" rel=\"noopener\"><span style=\"color: #000000;\">\u017divotopis<\/span><\/a><\/span><\/li>\n<\/ul>\n<\/li>\n<li>\n<h2>Crkva Sv. Duha<\/h2>\n<ul>\n<li style=\"text-align: center;\"><span style=\"color: #000000;\"><strong><span style=\"color: #000000;\">Lupinijeve orgulje<\/span><\/strong><\/span><\/li>\n<li><a href=\"https:\/\/organum.hr\/wp-content\/uploads\/2013\/09\/Sveti-1.jpg\"><img loading=\"lazy\" class=\"alignnone size-full wp-image-7137\" style=\"border: 2px solid black;\" alt=\"Sveti 1\" src=\"https:\/\/organum.hr\/wp-content\/uploads\/2013\/09\/Sveti-1.jpg\" width=\"200\" height=\"98\" srcset=\"https:\/\/organum.hr\/wp-content\/uploads\/2013\/09\/Sveti-1.jpg 200w, https:\/\/organum.hr\/wp-content\/uploads\/2013\/09\/Sveti-1-150x73.jpg 150w\" sizes=\"(max-width: 200px) 100vw, 200px\" \/><\/a><\/li>\n<li style=\"text-align: center;\"><span style=\"color: #000000;\"><strong>Najstarije sa\u010duvane orgulje<\/strong><\/span><\/li>\n<li style=\"text-align: center;\"><span style=\"color: #000000;\"><strong>u Hrvatskoj, 1640.<\/strong><\/span><\/li>\n<li><\/li>\n<li><\/li>\n<li><\/li>\n<\/ul>\n<\/li>\n<li>\n<h2>Crkva Sv. Frane<\/h2>\n<ul>\n<li style=\"text-align: center;\"><strong>Petar Naki\u0107 \u0160iben\u010danin<\/strong><\/li>\n<li><a href=\"https:\/\/organum.hr\/wp-content\/uploads\/2013\/09\/NAKIC.jpg\"><img loading=\"lazy\" class=\"alignnone size-full wp-image-7164\" style=\"border: 2px solid black;\" alt=\"NAKIC\" src=\"https:\/\/organum.hr\/wp-content\/uploads\/2013\/09\/NAKIC.jpg\" width=\"200\" height=\"98\" srcset=\"https:\/\/organum.hr\/wp-content\/uploads\/2013\/09\/NAKIC.jpg 200w, https:\/\/organum.hr\/wp-content\/uploads\/2013\/09\/NAKIC-150x73.jpg 150w\" sizes=\"(max-width: 200px) 100vw, 200px\" \/><\/a><\/li>\n<li style=\"text-align: center;\"><strong>povijesne orgulje, god. 1762.<\/strong><\/li>\n<li><\/li>\n<li style=\"text-align: center;\"><strong>M. Heferera Udova<\/strong> <strong>i sina<\/strong><\/li>\n<li><a href=\"https:\/\/organum.hr\/wp-content\/uploads\/2013\/09\/FRANE.jpg\"><img loading=\"lazy\" class=\"alignnone size-full wp-image-7165\" style=\"border: 2px solid black;\" alt=\"FRANE\" src=\"https:\/\/organum.hr\/wp-content\/uploads\/2013\/09\/FRANE.jpg\" width=\"200\" height=\"122\" srcset=\"https:\/\/organum.hr\/wp-content\/uploads\/2013\/09\/FRANE.jpg 200w, https:\/\/organum.hr\/wp-content\/uploads\/2013\/09\/FRANE-150x91.jpg 150w\" sizes=\"(max-width: 200px) 100vw, 200px\" \/><\/a><\/li>\n<li style=\"text-align: center;\"><strong> godina 1969.<\/strong><\/li>\n<\/ul>\n<\/li>\n<li>\n<h2>Katedrala, Sv. Jakov<\/h2>\n<ul>\n<li style=\"text-align: center;\"><strong>Franc Jenko (Slovenija)<\/strong><\/li>\n<li><\/li>\n<li><a href=\"https:\/\/organum.hr\/wp-content\/uploads\/2013\/09\/KATEDRALA.jpg\"><img loading=\"lazy\" class=\"alignnone size-full wp-image-7156\" style=\"border: 2px solid black;\" alt=\"KATEDRALA\" src=\"https:\/\/organum.hr\/wp-content\/uploads\/2013\/09\/KATEDRALA.jpg\" width=\"200\" height=\"98\" srcset=\"https:\/\/organum.hr\/wp-content\/uploads\/2013\/09\/KATEDRALA.jpg 200w, https:\/\/organum.hr\/wp-content\/uploads\/2013\/09\/KATEDRALA-150x73.jpg 150w\" sizes=\"(max-width: 200px) 100vw, 200px\" \/><\/a><\/li>\n<li style=\"text-align: center;\"><strong>god. 1968.<\/strong><\/li>\n<li><\/li>\n<li><\/li>\n<\/ul>\n<\/li>\n<li>\n<h2>Crkva Sv.Ivana<\/h2>\n<ul>\n<li style=\"text-align: center;\"><strong>Bra\u0107a Zupan (Slovenija)<\/strong><\/li>\n<li><\/li>\n<li><\/li>\n<li><a href=\"https:\/\/organum.hr\/wp-content\/uploads\/2013\/09\/IVAN-1.jpg\"><img loading=\"lazy\" class=\"alignnone size-full wp-image-7152\" style=\"border: 2px solid black;\" alt=\"IVAN 1\" src=\"https:\/\/organum.hr\/wp-content\/uploads\/2013\/09\/IVAN-1.jpg\" width=\"200\" height=\"98\" srcset=\"https:\/\/organum.hr\/wp-content\/uploads\/2013\/09\/IVAN-1.jpg 200w, https:\/\/organum.hr\/wp-content\/uploads\/2013\/09\/IVAN-1-150x73.jpg 150w\" sizes=\"(max-width: 200px) 100vw, 200px\" \/><\/a><\/li>\n<li style=\"text-align: center;\"><strong>god. 1908.<\/strong><\/li>\n<li><\/li>\n<\/ul>\n<\/li>\n<li>\n<h2>Nova crkva<\/h2>\n<ul>\n<li style=\"text-align: center;\"><strong>Bra\u0107a Giacobbi (Italija)<\/strong><\/li>\n<li><a href=\"https:\/\/organum.hr\/wp-content\/uploads\/2013\/09\/Nova-crkva.jpg\"><img loading=\"lazy\" class=\"alignnone size-full wp-image-7144\" style=\"border: 2px solid black;\" alt=\"Nova crkva\" src=\"https:\/\/organum.hr\/wp-content\/uploads\/2013\/09\/Nova-crkva.jpg\" width=\"200\" height=\"98\" srcset=\"https:\/\/organum.hr\/wp-content\/uploads\/2013\/09\/Nova-crkva.jpg 200w, https:\/\/organum.hr\/wp-content\/uploads\/2013\/09\/Nova-crkva-150x73.jpg 150w\" sizes=\"(max-width: 200px) 100vw, 200px\" \/><\/a><\/li>\n<li style=\"text-align: center;\"><strong>povijesne orgulje, god. 1859.<\/strong><\/li>\n<li><\/li>\n<\/ul>\n<\/li>\n<li>\n<h2>Crkva Sv. Kri\u017e<\/h2>\n<ul>\n<li style=\"text-align: center;\"><strong>Francesco Dacci stariji<\/strong><\/li>\n<li><a href=\"https:\/\/organum.hr\/wp-content\/uploads\/2013\/09\/KRIZ1.jpg\"><img loading=\"lazy\" class=\"alignnone size-full wp-image-7154\" style=\"border: 2px solid black;\" alt=\"KRIZ1\" src=\"https:\/\/organum.hr\/wp-content\/uploads\/2013\/09\/KRIZ1.jpg\" width=\"200\" height=\"98\" srcset=\"https:\/\/organum.hr\/wp-content\/uploads\/2013\/09\/KRIZ1.jpg 200w, https:\/\/organum.hr\/wp-content\/uploads\/2013\/09\/KRIZ1-150x73.jpg 150w\" sizes=\"(max-width: 200px) 100vw, 200px\" \/><\/a><\/li>\n<li style=\"text-align: center;\"><strong>povijesne orgulje, god. 1776.<\/strong><\/li>\n<li><\/li>\n<li><\/li>\n<li><\/li>\n<\/ul>\n<\/li>\n<\/ul>\n<\/div>\n<p><!-- end div#sidebar --><\/p>\n<div style=\"clear: both; height: 1px;\"><\/div>\n<\/div>\n<p><!-- end div#page<\/div>\n\n\n<!-- end div#wrapper --><\/p>\n<\/div>\n","protected":false},"excerpt":{"rendered":"<p>Pokrovitelji i organizacija OLJ\u0160 2015. Od 3.\u00a0 do 12. kolovoza 2015. godine u \u0160ibeniku \u0107e se odr\u017eati dvadesdruga Orgulja\u0161ka ljetna \u0161kola u organizaciji Organolo\u0161kog dru\u0161tva \u201eOrganum\u201c \u0160ibenik, a pod pokroviteljstvom \u0160ibenske biskupije. Pripreme su obavljene u skladu s planom Programskog vije\u0107a i realnim materijalnim mogu\u0107nostima. Ove godine radu \u0161kole su pripomogli: Grad \u0160ibenik, \u0160ibensko-kninska \u017eupanija, [&#038;hellip<\/p>\n","protected":false},"author":2,"featured_media":0,"parent":0,"menu_order":0,"comment_status":"closed","ping_status":"closed","template":"fullwidth.php","meta":[],"_links":{"self":[{"href":"https:\/\/organum.hr\/index.php\/wp-json\/wp\/v2\/pages\/9805"}],"collection":[{"href":"https:\/\/organum.hr\/index.php\/wp-json\/wp\/v2\/pages"}],"about":[{"href":"https:\/\/organum.hr\/index.php\/wp-json\/wp\/v2\/types\/page"}],"author":[{"embeddable":true,"href":"https:\/\/organum.hr\/index.php\/wp-json\/wp\/v2\/users\/2"}],"replies":[{"embeddable":true,"href":"https:\/\/organum.hr\/index.php\/wp-json\/wp\/v2\/comments?post=9805"}],"version-history":[{"count":29,"href":"https:\/\/organum.hr\/index.php\/wp-json\/wp\/v2\/pages\/9805\/revisions"}],"predecessor-version":[{"id":11411,"href":"https:\/\/organum.hr\/index.php\/wp-json\/wp\/v2\/pages\/9805\/revisions\/11411"}],"wp:attachment":[{"href":"https:\/\/organum.hr\/index.php\/wp-json\/wp\/v2\/media?parent=9805"}],"curies":[{"name":"wp","href":"https:\/\/api.w.org\/{rel}","templated":true}]}}