{"id":9995,"date":"2015-09-07T18:55:04","date_gmt":"2015-09-07T16:55:04","guid":{"rendered":"http:\/\/organum.hr\/?page_id=9995"},"modified":"2022-06-22T20:21:38","modified_gmt":"2022-06-22T18:21:38","slug":"youtube-2","status":"publish","type":"page","link":"https:\/\/organum.hr\/index.php\/youtube-2\/","title":{"rendered":"Videa"},"content":{"rendered":"<h3><strong>Crkva Sv.Duha,1.8.2017,Sve\u010dano otvaranje, Ansambl &#8220;ECHO&#8221;<br \/>\n<\/strong><\/h3>\n<p style=\"text-align: center;\"><iframe loading=\"lazy\" src=\"https:\/\/www.youtube.com\/embed\/videoseries?list=PL20Ey0Qo8bNvZslwvHNBYI7IjyVtW0PQb\" width=\"560\" height=\"315\" frameborder=\"0\" allowfullscreen=\"allowfullscreen\"><\/iframe><\/p>\n<h3><strong>Katedrala Sv.Jakov, 10.08. 2017, koncert polaznika &#8211; recentna i hrvatska glazba<br \/>\n<\/strong><\/h3>\n<p style=\"text-align: center;\"><iframe loading=\"lazy\" src=\"https:\/\/www.youtube.com\/embed\/videoseries?\nlist=PL20Ey0Qo8bNvYoyCcyPksgZJmt329Oqln\" width=\"560\" height=\"315\" frameborder=\"0\" allowfullscreen=\"allowfullscreen\"><\/iframe><\/p>\n<h3><strong>Crkva Sv.Frane, 08.08. 2017, koncert polaznika &#8211; renesansa, barok i improvizacija<br \/>\n<\/strong><\/h3>\n<p style=\"text-align: center;\"><iframe loading=\"lazy\" src=\"https:\/\/www.youtube.com\/embed\/videoseries?\nlist=PL20Ey0Qo8bNswyWyOOICzzN_jhJrBTZtG\" width=\"560\" height=\"315\" frameborder=\"0\" allowfullscreen=\"allowfullscreen\"><\/iframe><\/p>\n<h3><strong>Katedrala Sv.Jakova, 09.08. 2016, koncert polaznika &#8211; recentna glazba<br \/>\n<\/strong><\/h3>\n<p style=\"text-align: center;\"><iframe loading=\"lazy\" src=\"https:\/\/www.youtube.com\/embed\/videoseries?list=PLaWWbLYg0lTbbO57utmOrD2J2orBwLYPk\" width=\"560\" height=\"315\" frameborder=\"0\" allowfullscreen=\"allowfullscreen\"><\/iframe><\/p>\n<h3><\/h3>\n<h3><\/h3>\n<h3><strong>Sv. Frane, 08.08.2016, koncert polaznika\u00a0 &#8211; renesansa i barok<br \/>\n<\/strong><\/h3>\n<p style=\"text-align: center;\"><iframe loading=\"lazy\" src=\"https:\/\/www.youtube.com\/embed\/videoseries?list=PLaWWbLYg0lTaCO30GNxi6WLuEsRznILlj\" width=\"560\" height=\"315\" frameborder=\"0\" allowfullscreen=\"allowfullscreen\"><\/iframe><\/p>\n<h3><strong>Crkva Sv.Duha, 03.08.2015, sve\u010dano otvaranje O.LJ.\u0160. \u0160ibenik<\/strong><\/h3>\n<p>&nbsp;<\/p>\n<p style=\"text-align: center;\"><iframe loading=\"lazy\" src=\"https:\/\/www.youtube.com\/embed\/videoseries?list=PLaWWbLYg0lTbI06gpcfEEyKLzz-6yHpz2\" width=\"560\" height=\"315\" frameborder=\"0\" allowfullscreen=\"allowfullscreen\"><\/iframe><\/p>\n<h3><strong>Sv. Frane, 10.08.2015, koncert polaznika &#8211; barok<\/strong><\/h3>\n<p>&nbsp;<\/p>\n<p>&nbsp;<\/p>\n<p style=\"text-align: center;\"><iframe loading=\"lazy\" src=\"https:\/\/www.youtube.com\/embed\/videoseries?list=PLaWWbLYg0lTaFawhRqwrINec9pFM3cWCK\" width=\"560\" height=\"315\" frameborder=\"0\" allowfullscreen=\"allowfullscreen\"><\/iframe><\/p>\n<h3><strong>Sv.Frane, 11.08.2014, koncert polaznika &#8211; renesasa i barok<\/strong><\/h3>\n<p>&nbsp;<\/p>\n<p>&nbsp;<\/p>\n<p style=\"text-align: center;\"><iframe loading=\"lazy\" src=\"https:\/\/www.youtube.com\/embed\/videoseries?list=PLaWWbLYg0lTYrbLyUop5PRqV-wPTyJP1z\" width=\"560\" height=\"315\" frameborder=\"0\" allowfullscreen=\"allowfullscreen\"><\/iframe><\/p>\n<h3><strong>Sv.Frane, 11.08.2014, koncert poaznika &#8211; recentna glazba i improvizacija<\/iframe><\/p>\n<p>&nbsp;<\/p>\n<p>&nbsp;<\/p>\n<p style=\"text-align: center;\"><iframe loading=\"lazy\" src=\"https:\/\/www.youtube.com\/embed\/videoseries?list=PLaWWbLYg0lTYXDmrBC3ZL3-wR8ATcWoci\" width=\"560\" height=\"315\" frameborder=\"0\" allowfullscreen=\"allowfullscreen\"><\/iframe><\/p>\n","protected":false},"excerpt":{"rendered":"<p>Crkva Sv.Duha,1.8.2017,Sve\u010dano otvaranje, Ansambl &#8220;ECHO&#8221; Katedrala Sv.Jakov, 10.08. 2017, koncert polaznika &#8211; recentna i hrvatska glazba Crkva Sv.Frane, 08.08. 2017, koncert polaznika &#8211; renesansa, barok i improvizacija Katedrala Sv.Jakova, 09.08. 2016, koncert polaznika &#8211; recentna glazba Sv. Frane, 08.08.2016, koncert polaznika\u00a0 &#8211; renesansa i barok Crkva Sv.Duha, 03.08.2015, sve\u010dano otvaranje O.LJ.\u0160. \u0160ibenik &nbsp; Sv. Frane, [&#038;hellip<\/p>\n","protected":false},"author":2,"featured_media":0,"parent":0,"menu_order":0,"comment_status":"closed","ping_status":"closed","template":"fullwidth.php","meta":[],"_links":{"self":[{"href":"https:\/\/organum.hr\/index.php\/wp-json\/wp\/v2\/pages\/9995"}],"collection":[{"href":"https:\/\/organum.hr\/index.php\/wp-json\/wp\/v2\/pages"}],"about":[{"href":"https:\/\/organum.hr\/index.php\/wp-json\/wp\/v2\/types\/page"}],"author":[{"embeddable":true,"href":"https:\/\/organum.hr\/index.php\/wp-json\/wp\/v2\/users\/2"}],"replies":[{"embeddable":true,"href":"https:\/\/organum.hr\/index.php\/wp-json\/wp\/v2\/comments?post=9995"}],"version-history":[{"count":46,"href":"https:\/\/organum.hr\/index.php\/wp-json\/wp\/v2\/pages\/9995\/revisions"}],"predecessor-version":[{"id":11399,"href":"https:\/\/organum.hr\/index.php\/wp-json\/wp\/v2\/pages\/9995\/revisions\/11399"}],"wp:attachment":[{"href":"https:\/\/organum.hr\/index.php\/wp-json\/wp\/v2\/media?parent=9995"}],"curies":[{"name":"wp","href":"https:\/\/api.w.org\/{rel}","templated":true}]}}